{"id":2678,"date":"2025-04-28T18:33:34","date_gmt":"2025-04-28T15:33:34","guid":{"rendered":"https:\/\/realmen.md\/?post_type=product&#038;p=2678"},"modified":"2025-12-15T15:23:17","modified_gmt":"2025-12-15T12:23:17","slug":"hair-shampoo-rocket","status":"publish","type":"product","link":"https:\/\/realmen.md\/ru\/shop\/product\/hair-shampoo-rocket\/","title":{"rendered":"Hair shampoo ROCKET"},"content":{"rendered":"","protected":false},"excerpt":{"rendered":"<p><strong>Descriere:<\/strong> Acest \u0219ampon bl\u00e2nd pe baz\u0103 de ulei de m\u0103sline cur\u0103\u021b\u0103 temeinic p\u0103rul t\u0103u \u0219i ofer\u0103 o baz\u0103 pentru coafarea ulterioar\u0103. Av\u00e2nd agen\u021bi de condi\u021bionare \u00een compozi\u021bia sa, acesta neteze\u0219te temporar foliculii \u0219i \u00eembun\u0103t\u0103\u021be\u0219te aspectul p\u0103rului. Aroma \u0219amponului las\u0103 \u00een urm\u0103 un parfum bogat cu note vibrante, inclusiv grapefruit, pepene \u0219i brandy.<\/p>\n<p><strong>Caracteristici:<\/strong><\/p>\n<ul>\n<li>Condi\u021bioneaz\u0103<\/li>\n<li>Cur\u0103\u021bare bl\u00e2nd\u0103<\/li>\n<li>\u00cengrijire pentru scalp<\/li>\n<li>Volum: 300 ml<\/li>\n<li>Consum: 2g per aplicare<\/li>\n<\/ul>\n<p><strong>Mod de utilizare: Pentru a utiliza \u0219amponul pentru b\u0103rba\u021bi pentru p\u0103rul gras, urmeaz\u0103 aceste instruc\u021biuni:<\/strong><\/p>\n<ol>\n<li>Uda\u021bi bine p\u0103rul cu ap\u0103 cald\u0103.<\/li>\n<li>Aplica\u021bi o cantitate mic\u0103 de \u0219ampon \u00een palme \u0219i face\u021bi spum\u0103.<\/li>\n<li>Masa\u021bi u\u0219or spuma \u00een scalp \u0219i p\u0103r, acord\u00e2nd o aten\u021bie special\u0103 zonelor unde uleiul \u0219i acumul\u0103rile sunt cele mai vizibile.<\/li>\n<li>L\u0103sa\u021bi \u0219amponul s\u0103 ac\u021bioneze c\u00e2teva minute pentru a permite ingredientelor s\u0103 p\u0103trund\u0103 \u0219i s\u0103 dizolve uleiul.<\/li>\n<li>Cl\u0103ti\u021bi p\u0103rul temeinic cu ap\u0103 cald\u0103 p\u00e2n\u0103 c\u00e2nd tot \u0219amponul este eliminat.<\/li>\n<li>Dac\u0103 este necesar, repeta\u021bi procedura pentru p\u0103rul foarte gras sau murdar.<\/li>\n<li>Dac\u0103 dori\u021bi, aplica\u021bi un balsam, concentr\u00e2ndu-v\u0103 pe v\u00e2rfurile p\u0103rului.<\/li>\n<li>Cl\u0103ti\u021bi p\u0103rul pentru ultima dat\u0103 cu ap\u0103 rece pentru a \u00eenchide cuticula \u0219i a ad\u0103uga str\u0103lucire.<\/li>\n<li>Coafa\u021bi p\u0103rul ca de obicei.<\/li>\n<\/ol>\n<p>Pentru cele mai bune rezultate, folosi\u021bi \u0219amponul ca parte a rutinei normale de \u00eengrijire a p\u0103rului \u0219i evita\u021bi utilizarea excesiv\u0103 a \u0219amponului pentru a preveni acumularea.<\/p>","protected":false},"featured_media":2680,"comment_status":"open","ping_status":"closed","template":"","meta":{"_acf_changed":false},"product_brand":[],"product_cat":[58],"product_tag":[44,67],"class_list":{"0":"post-2678","1":"product","2":"type-product","3":"status-publish","4":"has-post-thumbnail","6":"product_cat-hair","7":"product_tag-hair","8":"product_tag-shampoo","10":"first","11":"instock","12":"shipping-taxable","13":"purchasable","14":"product-type-variable","15":"has-default-attributes"},"acf":[],"yoast_head":"<!-- This site is optimized with the Yoast SEO plugin v26.0 - https:\/\/yoast.com\/wordpress\/plugins\/seo\/ -->\n<title>Hair shampoo ROCKET - REALMEN - Barbershop Chi\u0219in\u0103u<\/title>\n<meta name=\"robots\" content=\"index, follow, max-snippet:-1, max-image-preview:large, max-video-preview:-1\" \/>\n<link rel=\"canonical\" href=\"https:\/\/realmen.md\/ru\/shop\/product\/hair-shampoo-rocket\/\" \/>\n<meta property=\"og:locale\" content=\"ru_RU\" \/>\n<meta property=\"og:type\" content=\"article\" \/>\n<meta property=\"og:title\" content=\"Hair shampoo ROCKET - REALMEN - Barbershop Chi\u0219in\u0103u\" \/>\n<meta property=\"og:description\" content=\"Descriere: Acest \u0219ampon bl\u00e2nd pe baz\u0103 de ulei de m\u0103sline cur\u0103\u021b\u0103 temeinic p\u0103rul t\u0103u \u0219i ofer\u0103 o baz\u0103 pentru coafarea ulterioar\u0103. Av\u00e2nd agen\u021bi de condi\u021bionare \u00een compozi\u021bia sa, acesta neteze\u0219te temporar foliculii \u0219i \u00eembun\u0103t\u0103\u021be\u0219te aspectul p\u0103rului. Aroma \u0219amponului las\u0103 \u00een urm\u0103 un parfum bogat cu note vibrante, inclusiv grapefruit, pepene \u0219i brandy.  Caracteristici:   Condi\u021bioneaz\u0103  Cur\u0103\u021bare bl\u00e2nd\u0103  \u00cengrijire pentru scalp  Volum: 300 ml  Consum: 2g per aplicare  Mod de utilizare: Pentru a utiliza \u0219amponul pentru b\u0103rba\u021bi pentru p\u0103rul gras, urmeaz\u0103 aceste instruc\u021biuni:   Uda\u021bi bine p\u0103rul cu ap\u0103 cald\u0103.  Aplica\u021bi o cantitate mic\u0103 de \u0219ampon \u00een palme \u0219i face\u021bi spum\u0103.  Masa\u021bi u\u0219or spuma \u00een scalp \u0219i p\u0103r, acord\u00e2nd o aten\u021bie special\u0103 zonelor unde uleiul \u0219i acumul\u0103rile sunt cele mai vizibile.  L\u0103sa\u021bi \u0219amponul s\u0103 ac\u021bioneze c\u00e2teva minute pentru a permite ingredientelor s\u0103 p\u0103trund\u0103 \u0219i s\u0103 dizolve uleiul.  Cl\u0103ti\u021bi p\u0103rul temeinic cu ap\u0103 cald\u0103 p\u00e2n\u0103 c\u00e2nd tot \u0219amponul este eliminat.  Dac\u0103 este necesar, repeta\u021bi procedura pentru p\u0103rul foarte gras sau murdar.  Dac\u0103 dori\u021bi, aplica\u021bi un balsam, concentr\u00e2ndu-v\u0103 pe v\u00e2rfurile p\u0103rului.  Cl\u0103ti\u021bi p\u0103rul pentru ultima dat\u0103 cu ap\u0103 rece pentru a \u00eenchide cuticula \u0219i a ad\u0103uga str\u0103lucire.  Coafa\u021bi p\u0103rul ca de obicei.  Pentru cele mai bune rezultate, folosi\u021bi \u0219amponul ca parte a rutinei normale de \u00eengrijire a p\u0103rului \u0219i evita\u021bi utilizarea excesiv\u0103 a \u0219amponului pentru a preveni acumularea.\" \/>\n<meta property=\"og:url\" content=\"https:\/\/realmen.md\/ru\/shop\/product\/hair-shampoo-rocket\/\" \/>\n<meta property=\"og:site_name\" content=\"REALMEN - Barbershop Chi\u0219in\u0103u\" \/>\n<meta property=\"article:publisher\" content=\"https:\/\/www.facebook.com\/realmen.md\/\" \/>\n<meta property=\"article:modified_time\" content=\"2025-12-15T12:23:17+00:00\" \/>\n<meta property=\"og:image\" content=\"https:\/\/realmen.md\/wp-content\/uploads\/2025\/04\/1-15.webp\" \/>\n\t<meta property=\"og:image:width\" content=\"1024\" \/>\n\t<meta property=\"og:image:height\" content=\"1024\" \/>\n\t<meta property=\"og:image:type\" content=\"image\/webp\" \/>\n<meta name=\"twitter:card\" content=\"summary_large_image\" \/>\n<meta name=\"twitter:label1\" content=\"\u041f\u0440\u0438\u043c\u0435\u0440\u043d\u043e\u0435 \u0432\u0440\u0435\u043c\u044f \u0434\u043b\u044f \u0447\u0442\u0435\u043d\u0438\u044f\" \/>\n\t<meta name=\"twitter:data1\" content=\"1 \u043c\u0438\u043d\u0443\u0442\u0430\" \/>\n<script type=\"application\/ld+json\" class=\"yoast-schema-graph\">{\"@context\":\"https:\/\/schema.org\",\"@graph\":[{\"@type\":\"WebPage\",\"@id\":\"https:\/\/realmen.md\/shop\/product\/hair-shampoo-rocket\/\",\"url\":\"https:\/\/realmen.md\/shop\/product\/hair-shampoo-rocket\/\",\"name\":\"Hair shampoo ROCKET - REALMEN - Barbershop Chi\u0219in\u0103u\",\"isPartOf\":{\"@id\":\"https:\/\/realmen.md\/#website\"},\"primaryImageOfPage\":{\"@id\":\"https:\/\/realmen.md\/shop\/product\/hair-shampoo-rocket\/#primaryimage\"},\"image\":{\"@id\":\"https:\/\/realmen.md\/shop\/product\/hair-shampoo-rocket\/#primaryimage\"},\"thumbnailUrl\":\"https:\/\/realmen.md\/wp-content\/uploads\/2025\/04\/1-15.webp\",\"datePublished\":\"2025-04-28T15:33:34+00:00\",\"dateModified\":\"2025-12-15T12:23:17+00:00\",\"breadcrumb\":{\"@id\":\"https:\/\/realmen.md\/shop\/product\/hair-shampoo-rocket\/#breadcrumb\"},\"inLanguage\":\"ru-RU\",\"potentialAction\":[{\"@type\":\"ReadAction\",\"target\":[\"https:\/\/realmen.md\/shop\/product\/hair-shampoo-rocket\/\"]}]},{\"@type\":\"ImageObject\",\"inLanguage\":\"ru-RU\",\"@id\":\"https:\/\/realmen.md\/shop\/product\/hair-shampoo-rocket\/#primaryimage\",\"url\":\"https:\/\/realmen.md\/wp-content\/uploads\/2025\/04\/1-15.webp\",\"contentUrl\":\"https:\/\/realmen.md\/wp-content\/uploads\/2025\/04\/1-15.webp\",\"width\":1024,\"height\":1024},{\"@type\":\"BreadcrumbList\",\"@id\":\"https:\/\/realmen.md\/shop\/product\/hair-shampoo-rocket\/#breadcrumb\",\"itemListElement\":[{\"@type\":\"ListItem\",\"position\":1,\"name\":\"Home\",\"item\":\"https:\/\/realmen.md\/\"},{\"@type\":\"ListItem\",\"position\":2,\"name\":\"Shop\",\"item\":\"https:\/\/realmen.md\/shop\/\"},{\"@type\":\"ListItem\",\"position\":3,\"name\":\"Hair shampoo ROCKET\"}]},{\"@type\":\"WebSite\",\"@id\":\"https:\/\/realmen.md\/#website\",\"url\":\"https:\/\/realmen.md\/\",\"name\":\"REALMEN\",\"description\":\"\",\"publisher\":{\"@id\":\"https:\/\/realmen.md\/#organization\"},\"potentialAction\":[{\"@type\":\"SearchAction\",\"target\":{\"@type\":\"EntryPoint\",\"urlTemplate\":\"https:\/\/realmen.md\/?s={search_term_string}\"},\"query-input\":{\"@type\":\"PropertyValueSpecification\",\"valueRequired\":true,\"valueName\":\"search_term_string\"}}],\"inLanguage\":\"ru-RU\"},{\"@type\":\"Organization\",\"@id\":\"https:\/\/realmen.md\/#organization\",\"name\":\"REALMEN\",\"url\":\"https:\/\/realmen.md\/\",\"logo\":{\"@type\":\"ImageObject\",\"inLanguage\":\"ru-RU\",\"@id\":\"https:\/\/realmen.md\/#\/schema\/logo\/image\/\",\"url\":\"https:\/\/realmen.md\/wp-content\/uploads\/2025\/02\/Favicon.svg\",\"contentUrl\":\"https:\/\/realmen.md\/wp-content\/uploads\/2025\/02\/Favicon.svg\",\"width\":100,\"height\":100,\"caption\":\"REALMEN\"},\"image\":{\"@id\":\"https:\/\/realmen.md\/#\/schema\/logo\/image\/\"},\"sameAs\":[\"https:\/\/www.facebook.com\/realmen.md\/\",\"https:\/\/www.instagram.com\/realmen.md\/\",\"https:\/\/www.tiktok.com\/@realmen.md\"]}]}<\/script>\n<!-- \/ Yoast SEO plugin. -->","yoast_head_json":{"title":"Hair shampoo ROCKET - REALMEN - Barbershop Chi\u0219in\u0103u","robots":{"index":"index","follow":"follow","max-snippet":"max-snippet:-1","max-image-preview":"max-image-preview:large","max-video-preview":"max-video-preview:-1"},"canonical":"https:\/\/realmen.md\/ru\/shop\/product\/hair-shampoo-rocket\/","og_locale":"ru_RU","og_type":"article","og_title":"Hair shampoo ROCKET - REALMEN - Barbershop Chi\u0219in\u0103u","og_description":"Descriere: Acest \u0219ampon bl\u00e2nd pe baz\u0103 de ulei de m\u0103sline cur\u0103\u021b\u0103 temeinic p\u0103rul t\u0103u \u0219i ofer\u0103 o baz\u0103 pentru coafarea ulterioar\u0103. Av\u00e2nd agen\u021bi de condi\u021bionare \u00een compozi\u021bia sa, acesta neteze\u0219te temporar foliculii \u0219i \u00eembun\u0103t\u0103\u021be\u0219te aspectul p\u0103rului. Aroma \u0219amponului las\u0103 \u00een urm\u0103 un parfum bogat cu note vibrante, inclusiv grapefruit, pepene \u0219i brandy.  Caracteristici:   Condi\u021bioneaz\u0103  Cur\u0103\u021bare bl\u00e2nd\u0103  \u00cengrijire pentru scalp  Volum: 300 ml  Consum: 2g per aplicare  Mod de utilizare: Pentru a utiliza \u0219amponul pentru b\u0103rba\u021bi pentru p\u0103rul gras, urmeaz\u0103 aceste instruc\u021biuni:   Uda\u021bi bine p\u0103rul cu ap\u0103 cald\u0103.  Aplica\u021bi o cantitate mic\u0103 de \u0219ampon \u00een palme \u0219i face\u021bi spum\u0103.  Masa\u021bi u\u0219or spuma \u00een scalp \u0219i p\u0103r, acord\u00e2nd o aten\u021bie special\u0103 zonelor unde uleiul \u0219i acumul\u0103rile sunt cele mai vizibile.  L\u0103sa\u021bi \u0219amponul s\u0103 ac\u021bioneze c\u00e2teva minute pentru a permite ingredientelor s\u0103 p\u0103trund\u0103 \u0219i s\u0103 dizolve uleiul.  Cl\u0103ti\u021bi p\u0103rul temeinic cu ap\u0103 cald\u0103 p\u00e2n\u0103 c\u00e2nd tot \u0219amponul este eliminat.  Dac\u0103 este necesar, repeta\u021bi procedura pentru p\u0103rul foarte gras sau murdar.  Dac\u0103 dori\u021bi, aplica\u021bi un balsam, concentr\u00e2ndu-v\u0103 pe v\u00e2rfurile p\u0103rului.  Cl\u0103ti\u021bi p\u0103rul pentru ultima dat\u0103 cu ap\u0103 rece pentru a \u00eenchide cuticula \u0219i a ad\u0103uga str\u0103lucire.  Coafa\u021bi p\u0103rul ca de obicei.  Pentru cele mai bune rezultate, folosi\u021bi \u0219amponul ca parte a rutinei normale de \u00eengrijire a p\u0103rului \u0219i evita\u021bi utilizarea excesiv\u0103 a \u0219amponului pentru a preveni acumularea.","og_url":"https:\/\/realmen.md\/ru\/shop\/product\/hair-shampoo-rocket\/","og_site_name":"REALMEN - Barbershop Chi\u0219in\u0103u","article_publisher":"https:\/\/www.facebook.com\/realmen.md\/","article_modified_time":"2025-12-15T12:23:17+00:00","og_image":[{"width":1024,"height":1024,"url":"https:\/\/realmen.md\/wp-content\/uploads\/2025\/04\/1-15.webp","type":"image\/webp"}],"twitter_card":"summary_large_image","twitter_misc":{"\u041f\u0440\u0438\u043c\u0435\u0440\u043d\u043e\u0435 \u0432\u0440\u0435\u043c\u044f \u0434\u043b\u044f \u0447\u0442\u0435\u043d\u0438\u044f":"1 \u043c\u0438\u043d\u0443\u0442\u0430"},"schema":{"@context":"https:\/\/schema.org","@graph":[{"@type":"WebPage","@id":"https:\/\/realmen.md\/shop\/product\/hair-shampoo-rocket\/","url":"https:\/\/realmen.md\/shop\/product\/hair-shampoo-rocket\/","name":"Hair shampoo ROCKET - REALMEN - Barbershop Chi\u0219in\u0103u","isPartOf":{"@id":"https:\/\/realmen.md\/#website"},"primaryImageOfPage":{"@id":"https:\/\/realmen.md\/shop\/product\/hair-shampoo-rocket\/#primaryimage"},"image":{"@id":"https:\/\/realmen.md\/shop\/product\/hair-shampoo-rocket\/#primaryimage"},"thumbnailUrl":"https:\/\/realmen.md\/wp-content\/uploads\/2025\/04\/1-15.webp","datePublished":"2025-04-28T15:33:34+00:00","dateModified":"2025-12-15T12:23:17+00:00","breadcrumb":{"@id":"https:\/\/realmen.md\/shop\/product\/hair-shampoo-rocket\/#breadcrumb"},"inLanguage":"ru-RU","potentialAction":[{"@type":"ReadAction","target":["https:\/\/realmen.md\/shop\/product\/hair-shampoo-rocket\/"]}]},{"@type":"ImageObject","inLanguage":"ru-RU","@id":"https:\/\/realmen.md\/shop\/product\/hair-shampoo-rocket\/#primaryimage","url":"https:\/\/realmen.md\/wp-content\/uploads\/2025\/04\/1-15.webp","contentUrl":"https:\/\/realmen.md\/wp-content\/uploads\/2025\/04\/1-15.webp","width":1024,"height":1024},{"@type":"BreadcrumbList","@id":"https:\/\/realmen.md\/shop\/product\/hair-shampoo-rocket\/#breadcrumb","itemListElement":[{"@type":"ListItem","position":1,"name":"Home","item":"https:\/\/realmen.md\/"},{"@type":"ListItem","position":2,"name":"Shop","item":"https:\/\/realmen.md\/shop\/"},{"@type":"ListItem","position":3,"name":"Hair shampoo ROCKET"}]},{"@type":"WebSite","@id":"https:\/\/realmen.md\/#website","url":"https:\/\/realmen.md\/","name":"REALMEN","description":"","publisher":{"@id":"https:\/\/realmen.md\/#organization"},"potentialAction":[{"@type":"SearchAction","target":{"@type":"EntryPoint","urlTemplate":"https:\/\/realmen.md\/?s={search_term_string}"},"query-input":{"@type":"PropertyValueSpecification","valueRequired":true,"valueName":"search_term_string"}}],"inLanguage":"ru-RU"},{"@type":"Organization","@id":"https:\/\/realmen.md\/#organization","name":"REALMEN","url":"https:\/\/realmen.md\/","logo":{"@type":"ImageObject","inLanguage":"ru-RU","@id":"https:\/\/realmen.md\/#\/schema\/logo\/image\/","url":"https:\/\/realmen.md\/wp-content\/uploads\/2025\/02\/Favicon.svg","contentUrl":"https:\/\/realmen.md\/wp-content\/uploads\/2025\/02\/Favicon.svg","width":100,"height":100,"caption":"REALMEN"},"image":{"@id":"https:\/\/realmen.md\/#\/schema\/logo\/image\/"},"sameAs":["https:\/\/www.facebook.com\/realmen.md\/","https:\/\/www.instagram.com\/realmen.md\/","https:\/\/www.tiktok.com\/@realmen.md"]}]}},"_links":{"self":[{"href":"https:\/\/realmen.md\/ru\/wp-json\/wp\/v2\/product\/2678","targetHints":{"allow":["GET"]}}],"collection":[{"href":"https:\/\/realmen.md\/ru\/wp-json\/wp\/v2\/product"}],"about":[{"href":"https:\/\/realmen.md\/ru\/wp-json\/wp\/v2\/types\/product"}],"replies":[{"embeddable":true,"href":"https:\/\/realmen.md\/ru\/wp-json\/wp\/v2\/comments?post=2678"}],"wp:featuredmedia":[{"embeddable":true,"href":"https:\/\/realmen.md\/ru\/wp-json\/wp\/v2\/media\/2680"}],"wp:attachment":[{"href":"https:\/\/realmen.md\/ru\/wp-json\/wp\/v2\/media?parent=2678"}],"wp:term":[{"taxonomy":"product_brand","embeddable":true,"href":"https:\/\/realmen.md\/ru\/wp-json\/wp\/v2\/product_brand?post=2678"},{"taxonomy":"product_cat","embeddable":true,"href":"https:\/\/realmen.md\/ru\/wp-json\/wp\/v2\/product_cat?post=2678"},{"taxonomy":"product_tag","embeddable":true,"href":"https:\/\/realmen.md\/ru\/wp-json\/wp\/v2\/product_tag?post=2678"}],"curies":[{"name":"wp","href":"https:\/\/api.w.org\/{rel}","templated":true}]}}