{"id":2668,"date":"2025-04-28T18:22:03","date_gmt":"2025-04-28T15:22:03","guid":{"rendered":"https:\/\/realmen.md\/?post_type=product&#038;p=2668"},"modified":"2026-02-11T12:26:28","modified_gmt":"2026-02-11T09:26:28","slug":"hair-wax-street","status":"publish","type":"product","link":"https:\/\/realmen.md\/ru\/shop\/product\/hair-wax-street\/","title":{"rendered":"Hair wax STREET"},"content":{"rendered":"","protected":false},"excerpt":{"rendered":"<p><strong>Descriere:<\/strong><br \/>\nSTREET este o cear\u0103 pentru coafarea p\u0103rului b\u0103rba\u021bilor. Aceast\u0103 cear\u0103 foarte moale, pe baz\u0103 de ap\u0103, creeaz\u0103 coafuri de la fixare u\u0219oar\u0103 cu efect mat p\u00e2n\u0103 la fixare puternic\u0103 cu un u\u0219or luciu. Este solu\u021bia perfect\u0103 pentru crearea stilurilor at\u00e2t vechi, c\u00e2t \u0219i noi, potrivit\u0103 pentru utilizarea zilnic\u0103 acas\u0103. Dac\u0103 coafura se deterioreaz\u0103, poate fi \u00eentotdeauna u\u0219or reparat\u0103 cu m\u00e2na, revenind la forma anterioar\u0103. Are un parfum de gum\u0103 de mestecat. Ceara modelatoare se comport\u0103 cel mai bine \u00een vreme rece. Este o alegere excelent\u0103 pentru p\u0103rul de lungime medie \u0219i mai lung.<\/p>\n<p><strong>Caracteristici:<\/strong><br \/>\nElemente de fixare:\u00a0cear\u0103 de carnauba, lanolin\u0103.<br \/>\nCum func\u021bioneaz\u0103:\u00a0Ceara, \u00eembog\u0103\u021bit\u0103 \u0219i \u00eenmuiat\u0103 cu elemente suplimentare, ac\u021bioneaz\u0103 ca un fixator, \u00een timp ce lanolina vegetal\u0103 leag\u0103 toate componentele, oferind volum \u0219i un efect de str\u0103lucire moderat\u0103.<br \/>\nArom\u0103:\u00a0Gum\u0103 de mestecat.<br \/>\nDurata coafurii:\u00a010 ore.<br \/>\nConsumul:\u00a0Utilizarea optim\u0103 este de 1 g per aplicare.<br \/>\nTemperatura de topire:\u00a0de la 27\u00b0C.<\/p>\n<p><strong>Ingrediente:<\/strong><br \/>\nAqua, peg-40 ulei de ricin hidrogenat, care microcristallina, parafin\u0103, copernicia cerifera cera, alcool arachidilic \u0219i alcool behenilic \u0219i glucosid arachidilic, unt de butyrospermum parkii (\u0219i) glicerin\u0103 rosinate (\u0219i) ulei de olea europaea nesaponificabile, stearat de glicerin\u0103, parfum, glicerin\u0103, propilenglicol, fenoxietanol, toluen hidroxi butilat.<\/p>\n<p><strong>Cum se folose\u0219te:<\/strong><br \/>\nPentru a ob\u021bine o fixare u\u0219oar\u0103, mat\u0103, unde p\u0103rul va fi u\u0219or de gestionat \u0219i va str\u0103luci de s\u0103n\u0103tate, sp\u0103la\u021bi-v\u0103 p\u0103rul folosind balsamul de p\u0103r Rocket. Lua\u021bi o cantitate mic\u0103 de cear\u0103 (este foarte economic\u0103), aplica\u021bi-o pe p\u0103rul umed \u0219i \u00eencepe\u021bi s\u0103 usca\u021bi p\u0103rul cu un usc\u0103tor, d\u00e2ndu-i form\u0103 cu un pieptene. Gata! Apoi, pute\u021bi crea forma cu m\u00e2inile \u0219i o pute\u021bi ajusta dac\u0103 este necesar, deoarece p\u0103rul va fi acum u\u0219or \u0219i gestionabil. Dac\u0103 dori\u021bi, pute\u021bi aplica ceara din nou pentru a ob\u021bine o coafur\u0103 fixat\u0103 ferm. Produsul poate fi aplicat \u0219i pe p\u0103rul uscat, preg\u0103tit, oferindu-i greutate \u0219i rezult\u00e2nd \u00eentr-o fixare ferm\u0103.<\/p>","protected":false},"featured_media":2670,"comment_status":"open","ping_status":"closed","template":"","meta":{"_acf_changed":false},"product_brand":[],"product_cat":[58],"product_tag":[44,65],"class_list":{"0":"post-2668","1":"product","2":"type-product","3":"status-publish","4":"has-post-thumbnail","6":"product_cat-hair","7":"product_tag-hair","8":"product_tag-wax","10":"first","11":"instock","12":"shipping-taxable","13":"purchasable","14":"product-type-variable","15":"has-default-attributes"},"acf":[],"yoast_head":"<!-- This site is optimized with the Yoast SEO plugin v26.0 - https:\/\/yoast.com\/wordpress\/plugins\/seo\/ -->\n<title>Hair wax STREET - REALMEN - Barbershop Chi\u0219in\u0103u<\/title>\n<meta name=\"robots\" content=\"index, follow, max-snippet:-1, max-image-preview:large, max-video-preview:-1\" \/>\n<link rel=\"canonical\" href=\"https:\/\/realmen.md\/ru\/shop\/product\/hair-wax-street\/\" \/>\n<meta property=\"og:locale\" content=\"ru_RU\" \/>\n<meta property=\"og:type\" content=\"article\" \/>\n<meta property=\"og:title\" content=\"Hair wax STREET - REALMEN - Barbershop Chi\u0219in\u0103u\" \/>\n<meta property=\"og:description\" content=\"Descriere: STREET este o cear\u0103 pentru coafarea p\u0103rului b\u0103rba\u021bilor. Aceast\u0103 cear\u0103 foarte moale, pe baz\u0103 de ap\u0103, creeaz\u0103 coafuri de la fixare u\u0219oar\u0103 cu efect mat p\u00e2n\u0103 la fixare puternic\u0103 cu un u\u0219or luciu. Este solu\u021bia perfect\u0103 pentru crearea stilurilor at\u00e2t vechi, c\u00e2t \u0219i noi, potrivit\u0103 pentru utilizarea zilnic\u0103 acas\u0103. Dac\u0103 coafura se deterioreaz\u0103, poate fi \u00eentotdeauna u\u0219or reparat\u0103 cu m\u00e2na, revenind la forma anterioar\u0103. Are un parfum de gum\u0103 de mestecat. Ceara modelatoare se comport\u0103 cel mai bine \u00een vreme rece. Este o alegere excelent\u0103 pentru p\u0103rul de lungime medie \u0219i mai lung.  Caracteristici: Elemente de fixare:\u00a0cear\u0103 de carnauba, lanolin\u0103. Cum func\u021bioneaz\u0103:\u00a0Ceara, \u00eembog\u0103\u021bit\u0103 \u0219i \u00eenmuiat\u0103 cu elemente suplimentare, ac\u021bioneaz\u0103 ca un fixator, \u00een timp ce lanolina vegetal\u0103 leag\u0103 toate componentele, oferind volum \u0219i un efect de str\u0103lucire moderat\u0103. Arom\u0103:\u00a0Gum\u0103 de mestecat. Durata coafurii:\u00a010 ore. Consumul:\u00a0Utilizarea optim\u0103 este de 1 g per aplicare. Temperatura de topire:\u00a0de la 27\u00b0C.  Ingrediente: Aqua, peg-40 ulei de ricin hidrogenat, care microcristallina, parafin\u0103, copernicia cerifera cera, alcool arachidilic \u0219i alcool behenilic \u0219i glucosid arachidilic, unt de butyrospermum parkii (\u0219i) glicerin\u0103 rosinate (\u0219i) ulei de olea europaea nesaponificabile, stearat de glicerin\u0103, parfum, glicerin\u0103, propilenglicol, fenoxietanol, toluen hidroxi butilat.  Cum se folose\u0219te: Pentru a ob\u021bine o fixare u\u0219oar\u0103, mat\u0103, unde p\u0103rul va fi u\u0219or de gestionat \u0219i va str\u0103luci de s\u0103n\u0103tate, sp\u0103la\u021bi-v\u0103 p\u0103rul folosind balsamul de p\u0103r Rocket. Lua\u021bi o cantitate mic\u0103 de cear\u0103 (este foarte economic\u0103), aplica\u021bi-o pe p\u0103rul umed \u0219i \u00eencepe\u021bi s\u0103 usca\u021bi p\u0103rul cu un usc\u0103tor, d\u00e2ndu-i form\u0103 cu un pieptene. Gata! Apoi, pute\u021bi crea forma cu m\u00e2inile \u0219i o pute\u021bi ajusta dac\u0103 este necesar, deoarece p\u0103rul va fi acum u\u0219or \u0219i gestionabil. Dac\u0103 dori\u021bi, pute\u021bi aplica ceara din nou pentru a ob\u021bine o coafur\u0103 fixat\u0103 ferm. Produsul poate fi aplicat \u0219i pe p\u0103rul uscat, preg\u0103tit, oferindu-i greutate \u0219i rezult\u00e2nd \u00eentr-o fixare ferm\u0103.\" \/>\n<meta property=\"og:url\" content=\"https:\/\/realmen.md\/ru\/shop\/product\/hair-wax-street\/\" \/>\n<meta property=\"og:site_name\" content=\"REALMEN - Barbershop Chi\u0219in\u0103u\" \/>\n<meta property=\"article:publisher\" content=\"https:\/\/www.facebook.com\/realmen.md\/\" \/>\n<meta property=\"article:modified_time\" content=\"2026-02-11T09:26:28+00:00\" \/>\n<meta property=\"og:image\" content=\"https:\/\/realmen.md\/wp-content\/uploads\/2025\/04\/1-13.webp\" \/>\n\t<meta property=\"og:image:width\" content=\"924\" \/>\n\t<meta property=\"og:image:height\" content=\"911\" \/>\n\t<meta property=\"og:image:type\" content=\"image\/webp\" \/>\n<meta name=\"twitter:card\" content=\"summary_large_image\" \/>\n<meta name=\"twitter:label1\" content=\"\u041f\u0440\u0438\u043c\u0435\u0440\u043d\u043e\u0435 \u0432\u0440\u0435\u043c\u044f \u0434\u043b\u044f \u0447\u0442\u0435\u043d\u0438\u044f\" \/>\n\t<meta name=\"twitter:data1\" content=\"1 \u043c\u0438\u043d\u0443\u0442\u0430\" \/>\n<script type=\"application\/ld+json\" class=\"yoast-schema-graph\">{\"@context\":\"https:\/\/schema.org\",\"@graph\":[{\"@type\":\"WebPage\",\"@id\":\"https:\/\/realmen.md\/shop\/product\/hair-wax-street\/\",\"url\":\"https:\/\/realmen.md\/shop\/product\/hair-wax-street\/\",\"name\":\"Hair wax STREET - REALMEN - Barbershop Chi\u0219in\u0103u\",\"isPartOf\":{\"@id\":\"https:\/\/realmen.md\/#website\"},\"primaryImageOfPage\":{\"@id\":\"https:\/\/realmen.md\/shop\/product\/hair-wax-street\/#primaryimage\"},\"image\":{\"@id\":\"https:\/\/realmen.md\/shop\/product\/hair-wax-street\/#primaryimage\"},\"thumbnailUrl\":\"https:\/\/realmen.md\/wp-content\/uploads\/2025\/04\/1-13.webp\",\"datePublished\":\"2025-04-28T15:22:03+00:00\",\"dateModified\":\"2026-02-11T09:26:28+00:00\",\"breadcrumb\":{\"@id\":\"https:\/\/realmen.md\/shop\/product\/hair-wax-street\/#breadcrumb\"},\"inLanguage\":\"ru-RU\",\"potentialAction\":[{\"@type\":\"ReadAction\",\"target\":[\"https:\/\/realmen.md\/shop\/product\/hair-wax-street\/\"]}]},{\"@type\":\"ImageObject\",\"inLanguage\":\"ru-RU\",\"@id\":\"https:\/\/realmen.md\/shop\/product\/hair-wax-street\/#primaryimage\",\"url\":\"https:\/\/realmen.md\/wp-content\/uploads\/2025\/04\/1-13.webp\",\"contentUrl\":\"https:\/\/realmen.md\/wp-content\/uploads\/2025\/04\/1-13.webp\",\"width\":924,\"height\":911},{\"@type\":\"BreadcrumbList\",\"@id\":\"https:\/\/realmen.md\/shop\/product\/hair-wax-street\/#breadcrumb\",\"itemListElement\":[{\"@type\":\"ListItem\",\"position\":1,\"name\":\"Home\",\"item\":\"https:\/\/realmen.md\/\"},{\"@type\":\"ListItem\",\"position\":2,\"name\":\"Shop\",\"item\":\"https:\/\/realmen.md\/shop\/\"},{\"@type\":\"ListItem\",\"position\":3,\"name\":\"Hair wax STREET\"}]},{\"@type\":\"WebSite\",\"@id\":\"https:\/\/realmen.md\/#website\",\"url\":\"https:\/\/realmen.md\/\",\"name\":\"REALMEN\",\"description\":\"\",\"publisher\":{\"@id\":\"https:\/\/realmen.md\/#organization\"},\"potentialAction\":[{\"@type\":\"SearchAction\",\"target\":{\"@type\":\"EntryPoint\",\"urlTemplate\":\"https:\/\/realmen.md\/?s={search_term_string}\"},\"query-input\":{\"@type\":\"PropertyValueSpecification\",\"valueRequired\":true,\"valueName\":\"search_term_string\"}}],\"inLanguage\":\"ru-RU\"},{\"@type\":\"Organization\",\"@id\":\"https:\/\/realmen.md\/#organization\",\"name\":\"REALMEN\",\"url\":\"https:\/\/realmen.md\/\",\"logo\":{\"@type\":\"ImageObject\",\"inLanguage\":\"ru-RU\",\"@id\":\"https:\/\/realmen.md\/#\/schema\/logo\/image\/\",\"url\":\"https:\/\/realmen.md\/wp-content\/uploads\/2025\/02\/Favicon.svg\",\"contentUrl\":\"https:\/\/realmen.md\/wp-content\/uploads\/2025\/02\/Favicon.svg\",\"width\":100,\"height\":100,\"caption\":\"REALMEN\"},\"image\":{\"@id\":\"https:\/\/realmen.md\/#\/schema\/logo\/image\/\"},\"sameAs\":[\"https:\/\/www.facebook.com\/realmen.md\/\",\"https:\/\/www.instagram.com\/realmen.md\/\",\"https:\/\/www.tiktok.com\/@realmen.md\"]}]}<\/script>\n<!-- \/ Yoast SEO plugin. -->","yoast_head_json":{"title":"Hair wax STREET - REALMEN - Barbershop Chi\u0219in\u0103u","robots":{"index":"index","follow":"follow","max-snippet":"max-snippet:-1","max-image-preview":"max-image-preview:large","max-video-preview":"max-video-preview:-1"},"canonical":"https:\/\/realmen.md\/ru\/shop\/product\/hair-wax-street\/","og_locale":"ru_RU","og_type":"article","og_title":"Hair wax STREET - REALMEN - Barbershop Chi\u0219in\u0103u","og_description":"Descriere: STREET este o cear\u0103 pentru coafarea p\u0103rului b\u0103rba\u021bilor. Aceast\u0103 cear\u0103 foarte moale, pe baz\u0103 de ap\u0103, creeaz\u0103 coafuri de la fixare u\u0219oar\u0103 cu efect mat p\u00e2n\u0103 la fixare puternic\u0103 cu un u\u0219or luciu. Este solu\u021bia perfect\u0103 pentru crearea stilurilor at\u00e2t vechi, c\u00e2t \u0219i noi, potrivit\u0103 pentru utilizarea zilnic\u0103 acas\u0103. Dac\u0103 coafura se deterioreaz\u0103, poate fi \u00eentotdeauna u\u0219or reparat\u0103 cu m\u00e2na, revenind la forma anterioar\u0103. Are un parfum de gum\u0103 de mestecat. Ceara modelatoare se comport\u0103 cel mai bine \u00een vreme rece. Este o alegere excelent\u0103 pentru p\u0103rul de lungime medie \u0219i mai lung.  Caracteristici: Elemente de fixare:\u00a0cear\u0103 de carnauba, lanolin\u0103. Cum func\u021bioneaz\u0103:\u00a0Ceara, \u00eembog\u0103\u021bit\u0103 \u0219i \u00eenmuiat\u0103 cu elemente suplimentare, ac\u021bioneaz\u0103 ca un fixator, \u00een timp ce lanolina vegetal\u0103 leag\u0103 toate componentele, oferind volum \u0219i un efect de str\u0103lucire moderat\u0103. Arom\u0103:\u00a0Gum\u0103 de mestecat. Durata coafurii:\u00a010 ore. Consumul:\u00a0Utilizarea optim\u0103 este de 1 g per aplicare. Temperatura de topire:\u00a0de la 27\u00b0C.  Ingrediente: Aqua, peg-40 ulei de ricin hidrogenat, care microcristallina, parafin\u0103, copernicia cerifera cera, alcool arachidilic \u0219i alcool behenilic \u0219i glucosid arachidilic, unt de butyrospermum parkii (\u0219i) glicerin\u0103 rosinate (\u0219i) ulei de olea europaea nesaponificabile, stearat de glicerin\u0103, parfum, glicerin\u0103, propilenglicol, fenoxietanol, toluen hidroxi butilat.  Cum se folose\u0219te: Pentru a ob\u021bine o fixare u\u0219oar\u0103, mat\u0103, unde p\u0103rul va fi u\u0219or de gestionat \u0219i va str\u0103luci de s\u0103n\u0103tate, sp\u0103la\u021bi-v\u0103 p\u0103rul folosind balsamul de p\u0103r Rocket. Lua\u021bi o cantitate mic\u0103 de cear\u0103 (este foarte economic\u0103), aplica\u021bi-o pe p\u0103rul umed \u0219i \u00eencepe\u021bi s\u0103 usca\u021bi p\u0103rul cu un usc\u0103tor, d\u00e2ndu-i form\u0103 cu un pieptene. Gata! Apoi, pute\u021bi crea forma cu m\u00e2inile \u0219i o pute\u021bi ajusta dac\u0103 este necesar, deoarece p\u0103rul va fi acum u\u0219or \u0219i gestionabil. Dac\u0103 dori\u021bi, pute\u021bi aplica ceara din nou pentru a ob\u021bine o coafur\u0103 fixat\u0103 ferm. Produsul poate fi aplicat \u0219i pe p\u0103rul uscat, preg\u0103tit, oferindu-i greutate \u0219i rezult\u00e2nd \u00eentr-o fixare ferm\u0103.","og_url":"https:\/\/realmen.md\/ru\/shop\/product\/hair-wax-street\/","og_site_name":"REALMEN - Barbershop Chi\u0219in\u0103u","article_publisher":"https:\/\/www.facebook.com\/realmen.md\/","article_modified_time":"2026-02-11T09:26:28+00:00","og_image":[{"width":924,"height":911,"url":"https:\/\/realmen.md\/wp-content\/uploads\/2025\/04\/1-13.webp","type":"image\/webp"}],"twitter_card":"summary_large_image","twitter_misc":{"\u041f\u0440\u0438\u043c\u0435\u0440\u043d\u043e\u0435 \u0432\u0440\u0435\u043c\u044f \u0434\u043b\u044f \u0447\u0442\u0435\u043d\u0438\u044f":"1 \u043c\u0438\u043d\u0443\u0442\u0430"},"schema":{"@context":"https:\/\/schema.org","@graph":[{"@type":"WebPage","@id":"https:\/\/realmen.md\/shop\/product\/hair-wax-street\/","url":"https:\/\/realmen.md\/shop\/product\/hair-wax-street\/","name":"Hair wax STREET - REALMEN - Barbershop Chi\u0219in\u0103u","isPartOf":{"@id":"https:\/\/realmen.md\/#website"},"primaryImageOfPage":{"@id":"https:\/\/realmen.md\/shop\/product\/hair-wax-street\/#primaryimage"},"image":{"@id":"https:\/\/realmen.md\/shop\/product\/hair-wax-street\/#primaryimage"},"thumbnailUrl":"https:\/\/realmen.md\/wp-content\/uploads\/2025\/04\/1-13.webp","datePublished":"2025-04-28T15:22:03+00:00","dateModified":"2026-02-11T09:26:28+00:00","breadcrumb":{"@id":"https:\/\/realmen.md\/shop\/product\/hair-wax-street\/#breadcrumb"},"inLanguage":"ru-RU","potentialAction":[{"@type":"ReadAction","target":["https:\/\/realmen.md\/shop\/product\/hair-wax-street\/"]}]},{"@type":"ImageObject","inLanguage":"ru-RU","@id":"https:\/\/realmen.md\/shop\/product\/hair-wax-street\/#primaryimage","url":"https:\/\/realmen.md\/wp-content\/uploads\/2025\/04\/1-13.webp","contentUrl":"https:\/\/realmen.md\/wp-content\/uploads\/2025\/04\/1-13.webp","width":924,"height":911},{"@type":"BreadcrumbList","@id":"https:\/\/realmen.md\/shop\/product\/hair-wax-street\/#breadcrumb","itemListElement":[{"@type":"ListItem","position":1,"name":"Home","item":"https:\/\/realmen.md\/"},{"@type":"ListItem","position":2,"name":"Shop","item":"https:\/\/realmen.md\/shop\/"},{"@type":"ListItem","position":3,"name":"Hair wax STREET"}]},{"@type":"WebSite","@id":"https:\/\/realmen.md\/#website","url":"https:\/\/realmen.md\/","name":"REALMEN","description":"","publisher":{"@id":"https:\/\/realmen.md\/#organization"},"potentialAction":[{"@type":"SearchAction","target":{"@type":"EntryPoint","urlTemplate":"https:\/\/realmen.md\/?s={search_term_string}"},"query-input":{"@type":"PropertyValueSpecification","valueRequired":true,"valueName":"search_term_string"}}],"inLanguage":"ru-RU"},{"@type":"Organization","@id":"https:\/\/realmen.md\/#organization","name":"REALMEN","url":"https:\/\/realmen.md\/","logo":{"@type":"ImageObject","inLanguage":"ru-RU","@id":"https:\/\/realmen.md\/#\/schema\/logo\/image\/","url":"https:\/\/realmen.md\/wp-content\/uploads\/2025\/02\/Favicon.svg","contentUrl":"https:\/\/realmen.md\/wp-content\/uploads\/2025\/02\/Favicon.svg","width":100,"height":100,"caption":"REALMEN"},"image":{"@id":"https:\/\/realmen.md\/#\/schema\/logo\/image\/"},"sameAs":["https:\/\/www.facebook.com\/realmen.md\/","https:\/\/www.instagram.com\/realmen.md\/","https:\/\/www.tiktok.com\/@realmen.md"]}]}},"_links":{"self":[{"href":"https:\/\/realmen.md\/ru\/wp-json\/wp\/v2\/product\/2668","targetHints":{"allow":["GET"]}}],"collection":[{"href":"https:\/\/realmen.md\/ru\/wp-json\/wp\/v2\/product"}],"about":[{"href":"https:\/\/realmen.md\/ru\/wp-json\/wp\/v2\/types\/product"}],"replies":[{"embeddable":true,"href":"https:\/\/realmen.md\/ru\/wp-json\/wp\/v2\/comments?post=2668"}],"wp:featuredmedia":[{"embeddable":true,"href":"https:\/\/realmen.md\/ru\/wp-json\/wp\/v2\/media\/2670"}],"wp:attachment":[{"href":"https:\/\/realmen.md\/ru\/wp-json\/wp\/v2\/media?parent=2668"}],"wp:term":[{"taxonomy":"product_brand","embeddable":true,"href":"https:\/\/realmen.md\/ru\/wp-json\/wp\/v2\/product_brand?post=2668"},{"taxonomy":"product_cat","embeddable":true,"href":"https:\/\/realmen.md\/ru\/wp-json\/wp\/v2\/product_cat?post=2668"},{"taxonomy":"product_tag","embeddable":true,"href":"https:\/\/realmen.md\/ru\/wp-json\/wp\/v2\/product_tag?post=2668"}],"curies":[{"name":"wp","href":"https:\/\/api.w.org\/{rel}","templated":true}]}}