{"id":2608,"date":"2025-04-28T17:27:33","date_gmt":"2025-04-28T14:27:33","guid":{"rendered":"https:\/\/realmen.md\/?post_type=product&#038;p=2608"},"modified":"2025-12-15T15:35:19","modified_gmt":"2025-12-15T12:35:19","slug":"beard-oil-boss","status":"publish","type":"product","link":"https:\/\/realmen.md\/ru\/shop\/product\/beard-oil-boss\/","title":{"rendered":"Beard oil BOSS"},"content":{"rendered":"","protected":false},"excerpt":{"rendered":"<p class=\"western\"><b>Descriere:<\/b> Boss este o alegere excelent\u0103 pentru \u00eengrijirea pielii fe\u021bei atunci c\u00e2nd apar firele de p\u0103r, \u00een special \u00een stadiile ini\u021biale ale cre\u0219terii b\u0103rbii, c\u00e2nd pielea este cea mai sensibil\u0103 la irita\u021bii. <span lang=\"en-US\">Cu utilizarea regulat\u0103, are un efect antiinflamator, condi\u021bioneaz\u0103 pielea \u0219i previne usc\u0103ciunea fe\u021bei. Este pe baz\u0103 de ulei \u0219i ofer\u0103 un efect mat. Are un parfum calmant, foarte bl\u00e2nd. Potrivit pentru b\u0103rbile scurte \u0219i de lungime medie. Poate fi folosit \u00een orice moment al anului.<\/span><\/p>\n<p class=\"western\"><span lang=\"en-US\"><b>Caracteristici:<\/b><\/span><\/p>\n<p class=\"western\"><span lang=\"en-US\">Arom\u0103: Lemn de santal + Trandafir. <\/span><\/p>\n<p class=\"western\"><span lang=\"en-US\">Propriet\u0103\u021bi: <\/span><\/p>\n<p class=\"western\">\u2022 <span lang=\"en-US\">Uleiul de Argan \u2013 analgezic, antiinflamator. <\/span><\/p>\n<p class=\"western\">\u2022 <span lang=\"en-US\">Untul de Shea restaureaz\u0103 structura p\u0103rului \u0219i hidrateaz\u0103 profund epidermul. <\/span><\/p>\n<p class=\"western\">\u2022 <span lang=\"en-US\">Uleiul de Susan \u00eembun\u0103t\u0103\u021be\u0219te regenerarea pielii. <\/span><\/p>\n<p class=\"western\">\u2022 <span lang=\"en-US\">Uleiul de Sun\u0103toare vindec\u0103 r\u0103nile.<\/span><\/p>\n<p class=\"western\"><span lang=\"en-US\"><b>Ingrediente:<\/b><\/span><span lang=\"en-US\"> Chitosan, ulei de susan indicum, ulei de sun\u0103toare, unt de shea hidrogenat, ulei de argania spinosa, trigliceride caprilice\/caprice, PEG-7 gliceryl cocoate, parfum, fenoxietanol.<\/span><\/p>\n<p class=\"western\"><span lang=\"en-US\"><b>Mod de utilizare:<\/b><\/span><span lang=\"en-US\"> Aplica\u021bi uleiul pe pielea fe\u021bei timp de dou\u0103 s\u0103pt\u0103m\u00e2ni \u00eenainte de culcare, apoi este necesar\u0103 o pauz\u0103 de dou\u0103 s\u0103pt\u0103m\u00e2ni. Nu aplica\u021bi uleiul pe piele \u00eenainte de a ie\u0219i afar\u0103 \u00eentr-o zi \u00eensorit\u0103. Poate fi aplicat pe barb\u0103 zilnic, o dat\u0103 pe zi. Agita\u021bi bine \u00eenainte de utilizare. Aplica\u021bi cu grij\u0103 sub nas; dac\u0103 nu dori\u021bi un parfum puternic acolo, este mai bine s\u0103 evita\u021bi acea zon\u0103.<\/span><\/p>","protected":false},"featured_media":2612,"comment_status":"open","ping_status":"closed","template":"","meta":{"_acf_changed":false},"product_brand":[],"product_cat":[57],"product_tag":[59,61],"class_list":{"0":"post-2608","1":"product","2":"type-product","3":"status-publish","4":"has-post-thumbnail","6":"product_cat-beard","7":"product_tag-beard","8":"product_tag-oil","10":"first","11":"instock","12":"shipping-taxable","13":"purchasable","14":"product-type-variable","15":"has-default-attributes"},"acf":[],"yoast_head":"<!-- This site is optimized with the Yoast SEO plugin v26.0 - https:\/\/yoast.com\/wordpress\/plugins\/seo\/ -->\n<title>Beard oil BOSS - REALMEN - Barbershop Chi\u0219in\u0103u<\/title>\n<meta name=\"robots\" content=\"index, follow, max-snippet:-1, max-image-preview:large, max-video-preview:-1\" \/>\n<link rel=\"canonical\" href=\"https:\/\/realmen.md\/ru\/shop\/product\/beard-oil-boss\/\" \/>\n<meta property=\"og:locale\" content=\"ru_RU\" \/>\n<meta property=\"og:type\" content=\"article\" \/>\n<meta property=\"og:title\" content=\"Beard oil BOSS - REALMEN - Barbershop Chi\u0219in\u0103u\" \/>\n<meta property=\"og:description\" content=\"Descriere: Boss este o alegere excelent\u0103 pentru \u00eengrijirea pielii fe\u021bei atunci c\u00e2nd apar firele de p\u0103r, \u00een special \u00een stadiile ini\u021biale ale cre\u0219terii b\u0103rbii, c\u00e2nd pielea este cea mai sensibil\u0103 la irita\u021bii. Cu utilizarea regulat\u0103, are un efect antiinflamator, condi\u021bioneaz\u0103 pielea \u0219i previne usc\u0103ciunea fe\u021bei. Este pe baz\u0103 de ulei \u0219i ofer\u0103 un efect mat. Are un parfum calmant, foarte bl\u00e2nd. Potrivit pentru b\u0103rbile scurte \u0219i de lungime medie. Poate fi folosit \u00een orice moment al anului. Caracteristici: Arom\u0103: Lemn de santal + Trandafir.  Propriet\u0103\u021bi:  \u2022 Uleiul de Argan \u2013 analgezic, antiinflamator.  \u2022 Untul de Shea restaureaz\u0103 structura p\u0103rului \u0219i hidrateaz\u0103 profund epidermul.  \u2022 Uleiul de Susan \u00eembun\u0103t\u0103\u021be\u0219te regenerarea pielii.  \u2022 Uleiul de Sun\u0103toare vindec\u0103 r\u0103nile. Ingrediente: Chitosan, ulei de susan indicum, ulei de sun\u0103toare, unt de shea hidrogenat, ulei de argania spinosa, trigliceride caprilice\/caprice, PEG-7 gliceryl cocoate, parfum, fenoxietanol. Mod de utilizare: Aplica\u021bi uleiul pe pielea fe\u021bei timp de dou\u0103 s\u0103pt\u0103m\u00e2ni \u00eenainte de culcare, apoi este necesar\u0103 o pauz\u0103 de dou\u0103 s\u0103pt\u0103m\u00e2ni. Nu aplica\u021bi uleiul pe piele \u00eenainte de a ie\u0219i afar\u0103 \u00eentr-o zi \u00eensorit\u0103. Poate fi aplicat pe barb\u0103 zilnic, o dat\u0103 pe zi. Agita\u021bi bine \u00eenainte de utilizare. Aplica\u021bi cu grij\u0103 sub nas; dac\u0103 nu dori\u021bi un parfum puternic acolo, este mai bine s\u0103 evita\u021bi acea zon\u0103.\" \/>\n<meta property=\"og:url\" content=\"https:\/\/realmen.md\/ru\/shop\/product\/beard-oil-boss\/\" \/>\n<meta property=\"og:site_name\" content=\"REALMEN - Barbershop Chi\u0219in\u0103u\" \/>\n<meta property=\"article:publisher\" content=\"https:\/\/www.facebook.com\/realmen.md\/\" \/>\n<meta property=\"article:modified_time\" content=\"2025-12-15T12:35:19+00:00\" \/>\n<meta property=\"og:image\" content=\"https:\/\/realmen.md\/wp-content\/uploads\/2025\/04\/1-3.webp\" \/>\n\t<meta property=\"og:image:width\" content=\"886\" \/>\n\t<meta property=\"og:image:height\" content=\"886\" \/>\n\t<meta property=\"og:image:type\" content=\"image\/webp\" \/>\n<meta name=\"twitter:card\" content=\"summary_large_image\" \/>\n<meta name=\"twitter:label1\" content=\"\u041f\u0440\u0438\u043c\u0435\u0440\u043d\u043e\u0435 \u0432\u0440\u0435\u043c\u044f \u0434\u043b\u044f \u0447\u0442\u0435\u043d\u0438\u044f\" \/>\n\t<meta name=\"twitter:data1\" content=\"1 \u043c\u0438\u043d\u0443\u0442\u0430\" \/>\n<script type=\"application\/ld+json\" class=\"yoast-schema-graph\">{\"@context\":\"https:\/\/schema.org\",\"@graph\":[{\"@type\":\"WebPage\",\"@id\":\"https:\/\/realmen.md\/shop\/product\/beard-oil-boss\/\",\"url\":\"https:\/\/realmen.md\/shop\/product\/beard-oil-boss\/\",\"name\":\"Beard oil BOSS - REALMEN - Barbershop Chi\u0219in\u0103u\",\"isPartOf\":{\"@id\":\"https:\/\/realmen.md\/#website\"},\"primaryImageOfPage\":{\"@id\":\"https:\/\/realmen.md\/shop\/product\/beard-oil-boss\/#primaryimage\"},\"image\":{\"@id\":\"https:\/\/realmen.md\/shop\/product\/beard-oil-boss\/#primaryimage\"},\"thumbnailUrl\":\"https:\/\/realmen.md\/wp-content\/uploads\/2025\/04\/1-3.webp\",\"datePublished\":\"2025-04-28T14:27:33+00:00\",\"dateModified\":\"2025-12-15T12:35:19+00:00\",\"breadcrumb\":{\"@id\":\"https:\/\/realmen.md\/shop\/product\/beard-oil-boss\/#breadcrumb\"},\"inLanguage\":\"ru-RU\",\"potentialAction\":[{\"@type\":\"ReadAction\",\"target\":[\"https:\/\/realmen.md\/shop\/product\/beard-oil-boss\/\"]}]},{\"@type\":\"ImageObject\",\"inLanguage\":\"ru-RU\",\"@id\":\"https:\/\/realmen.md\/shop\/product\/beard-oil-boss\/#primaryimage\",\"url\":\"https:\/\/realmen.md\/wp-content\/uploads\/2025\/04\/1-3.webp\",\"contentUrl\":\"https:\/\/realmen.md\/wp-content\/uploads\/2025\/04\/1-3.webp\",\"width\":886,\"height\":886},{\"@type\":\"BreadcrumbList\",\"@id\":\"https:\/\/realmen.md\/shop\/product\/beard-oil-boss\/#breadcrumb\",\"itemListElement\":[{\"@type\":\"ListItem\",\"position\":1,\"name\":\"Home\",\"item\":\"https:\/\/realmen.md\/\"},{\"@type\":\"ListItem\",\"position\":2,\"name\":\"Shop\",\"item\":\"https:\/\/realmen.md\/shop\/\"},{\"@type\":\"ListItem\",\"position\":3,\"name\":\"Beard oil BOSS\"}]},{\"@type\":\"WebSite\",\"@id\":\"https:\/\/realmen.md\/#website\",\"url\":\"https:\/\/realmen.md\/\",\"name\":\"REALMEN\",\"description\":\"\",\"publisher\":{\"@id\":\"https:\/\/realmen.md\/#organization\"},\"potentialAction\":[{\"@type\":\"SearchAction\",\"target\":{\"@type\":\"EntryPoint\",\"urlTemplate\":\"https:\/\/realmen.md\/?s={search_term_string}\"},\"query-input\":{\"@type\":\"PropertyValueSpecification\",\"valueRequired\":true,\"valueName\":\"search_term_string\"}}],\"inLanguage\":\"ru-RU\"},{\"@type\":\"Organization\",\"@id\":\"https:\/\/realmen.md\/#organization\",\"name\":\"REALMEN\",\"url\":\"https:\/\/realmen.md\/\",\"logo\":{\"@type\":\"ImageObject\",\"inLanguage\":\"ru-RU\",\"@id\":\"https:\/\/realmen.md\/#\/schema\/logo\/image\/\",\"url\":\"https:\/\/realmen.md\/wp-content\/uploads\/2025\/02\/Favicon.svg\",\"contentUrl\":\"https:\/\/realmen.md\/wp-content\/uploads\/2025\/02\/Favicon.svg\",\"width\":100,\"height\":100,\"caption\":\"REALMEN\"},\"image\":{\"@id\":\"https:\/\/realmen.md\/#\/schema\/logo\/image\/\"},\"sameAs\":[\"https:\/\/www.facebook.com\/realmen.md\/\",\"https:\/\/www.instagram.com\/realmen.md\/\",\"https:\/\/www.tiktok.com\/@realmen.md\"]}]}<\/script>\n<!-- \/ Yoast SEO plugin. -->","yoast_head_json":{"title":"Beard oil BOSS - REALMEN - Barbershop Chi\u0219in\u0103u","robots":{"index":"index","follow":"follow","max-snippet":"max-snippet:-1","max-image-preview":"max-image-preview:large","max-video-preview":"max-video-preview:-1"},"canonical":"https:\/\/realmen.md\/ru\/shop\/product\/beard-oil-boss\/","og_locale":"ru_RU","og_type":"article","og_title":"Beard oil BOSS - REALMEN - Barbershop Chi\u0219in\u0103u","og_description":"Descriere: Boss este o alegere excelent\u0103 pentru \u00eengrijirea pielii fe\u021bei atunci c\u00e2nd apar firele de p\u0103r, \u00een special \u00een stadiile ini\u021biale ale cre\u0219terii b\u0103rbii, c\u00e2nd pielea este cea mai sensibil\u0103 la irita\u021bii. Cu utilizarea regulat\u0103, are un efect antiinflamator, condi\u021bioneaz\u0103 pielea \u0219i previne usc\u0103ciunea fe\u021bei. Este pe baz\u0103 de ulei \u0219i ofer\u0103 un efect mat. Are un parfum calmant, foarte bl\u00e2nd. Potrivit pentru b\u0103rbile scurte \u0219i de lungime medie. Poate fi folosit \u00een orice moment al anului. Caracteristici: Arom\u0103: Lemn de santal + Trandafir.  Propriet\u0103\u021bi:  \u2022 Uleiul de Argan \u2013 analgezic, antiinflamator.  \u2022 Untul de Shea restaureaz\u0103 structura p\u0103rului \u0219i hidrateaz\u0103 profund epidermul.  \u2022 Uleiul de Susan \u00eembun\u0103t\u0103\u021be\u0219te regenerarea pielii.  \u2022 Uleiul de Sun\u0103toare vindec\u0103 r\u0103nile. Ingrediente: Chitosan, ulei de susan indicum, ulei de sun\u0103toare, unt de shea hidrogenat, ulei de argania spinosa, trigliceride caprilice\/caprice, PEG-7 gliceryl cocoate, parfum, fenoxietanol. Mod de utilizare: Aplica\u021bi uleiul pe pielea fe\u021bei timp de dou\u0103 s\u0103pt\u0103m\u00e2ni \u00eenainte de culcare, apoi este necesar\u0103 o pauz\u0103 de dou\u0103 s\u0103pt\u0103m\u00e2ni. Nu aplica\u021bi uleiul pe piele \u00eenainte de a ie\u0219i afar\u0103 \u00eentr-o zi \u00eensorit\u0103. Poate fi aplicat pe barb\u0103 zilnic, o dat\u0103 pe zi. Agita\u021bi bine \u00eenainte de utilizare. Aplica\u021bi cu grij\u0103 sub nas; dac\u0103 nu dori\u021bi un parfum puternic acolo, este mai bine s\u0103 evita\u021bi acea zon\u0103.","og_url":"https:\/\/realmen.md\/ru\/shop\/product\/beard-oil-boss\/","og_site_name":"REALMEN - Barbershop Chi\u0219in\u0103u","article_publisher":"https:\/\/www.facebook.com\/realmen.md\/","article_modified_time":"2025-12-15T12:35:19+00:00","og_image":[{"width":886,"height":886,"url":"https:\/\/realmen.md\/wp-content\/uploads\/2025\/04\/1-3.webp","type":"image\/webp"}],"twitter_card":"summary_large_image","twitter_misc":{"\u041f\u0440\u0438\u043c\u0435\u0440\u043d\u043e\u0435 \u0432\u0440\u0435\u043c\u044f \u0434\u043b\u044f \u0447\u0442\u0435\u043d\u0438\u044f":"1 \u043c\u0438\u043d\u0443\u0442\u0430"},"schema":{"@context":"https:\/\/schema.org","@graph":[{"@type":"WebPage","@id":"https:\/\/realmen.md\/shop\/product\/beard-oil-boss\/","url":"https:\/\/realmen.md\/shop\/product\/beard-oil-boss\/","name":"Beard oil BOSS - REALMEN - Barbershop Chi\u0219in\u0103u","isPartOf":{"@id":"https:\/\/realmen.md\/#website"},"primaryImageOfPage":{"@id":"https:\/\/realmen.md\/shop\/product\/beard-oil-boss\/#primaryimage"},"image":{"@id":"https:\/\/realmen.md\/shop\/product\/beard-oil-boss\/#primaryimage"},"thumbnailUrl":"https:\/\/realmen.md\/wp-content\/uploads\/2025\/04\/1-3.webp","datePublished":"2025-04-28T14:27:33+00:00","dateModified":"2025-12-15T12:35:19+00:00","breadcrumb":{"@id":"https:\/\/realmen.md\/shop\/product\/beard-oil-boss\/#breadcrumb"},"inLanguage":"ru-RU","potentialAction":[{"@type":"ReadAction","target":["https:\/\/realmen.md\/shop\/product\/beard-oil-boss\/"]}]},{"@type":"ImageObject","inLanguage":"ru-RU","@id":"https:\/\/realmen.md\/shop\/product\/beard-oil-boss\/#primaryimage","url":"https:\/\/realmen.md\/wp-content\/uploads\/2025\/04\/1-3.webp","contentUrl":"https:\/\/realmen.md\/wp-content\/uploads\/2025\/04\/1-3.webp","width":886,"height":886},{"@type":"BreadcrumbList","@id":"https:\/\/realmen.md\/shop\/product\/beard-oil-boss\/#breadcrumb","itemListElement":[{"@type":"ListItem","position":1,"name":"Home","item":"https:\/\/realmen.md\/"},{"@type":"ListItem","position":2,"name":"Shop","item":"https:\/\/realmen.md\/shop\/"},{"@type":"ListItem","position":3,"name":"Beard oil BOSS"}]},{"@type":"WebSite","@id":"https:\/\/realmen.md\/#website","url":"https:\/\/realmen.md\/","name":"REALMEN","description":"","publisher":{"@id":"https:\/\/realmen.md\/#organization"},"potentialAction":[{"@type":"SearchAction","target":{"@type":"EntryPoint","urlTemplate":"https:\/\/realmen.md\/?s={search_term_string}"},"query-input":{"@type":"PropertyValueSpecification","valueRequired":true,"valueName":"search_term_string"}}],"inLanguage":"ru-RU"},{"@type":"Organization","@id":"https:\/\/realmen.md\/#organization","name":"REALMEN","url":"https:\/\/realmen.md\/","logo":{"@type":"ImageObject","inLanguage":"ru-RU","@id":"https:\/\/realmen.md\/#\/schema\/logo\/image\/","url":"https:\/\/realmen.md\/wp-content\/uploads\/2025\/02\/Favicon.svg","contentUrl":"https:\/\/realmen.md\/wp-content\/uploads\/2025\/02\/Favicon.svg","width":100,"height":100,"caption":"REALMEN"},"image":{"@id":"https:\/\/realmen.md\/#\/schema\/logo\/image\/"},"sameAs":["https:\/\/www.facebook.com\/realmen.md\/","https:\/\/www.instagram.com\/realmen.md\/","https:\/\/www.tiktok.com\/@realmen.md"]}]}},"_links":{"self":[{"href":"https:\/\/realmen.md\/ru\/wp-json\/wp\/v2\/product\/2608","targetHints":{"allow":["GET"]}}],"collection":[{"href":"https:\/\/realmen.md\/ru\/wp-json\/wp\/v2\/product"}],"about":[{"href":"https:\/\/realmen.md\/ru\/wp-json\/wp\/v2\/types\/product"}],"replies":[{"embeddable":true,"href":"https:\/\/realmen.md\/ru\/wp-json\/wp\/v2\/comments?post=2608"}],"wp:featuredmedia":[{"embeddable":true,"href":"https:\/\/realmen.md\/ru\/wp-json\/wp\/v2\/media\/2612"}],"wp:attachment":[{"href":"https:\/\/realmen.md\/ru\/wp-json\/wp\/v2\/media?parent=2608"}],"wp:term":[{"taxonomy":"product_brand","embeddable":true,"href":"https:\/\/realmen.md\/ru\/wp-json\/wp\/v2\/product_brand?post=2608"},{"taxonomy":"product_cat","embeddable":true,"href":"https:\/\/realmen.md\/ru\/wp-json\/wp\/v2\/product_cat?post=2608"},{"taxonomy":"product_tag","embeddable":true,"href":"https:\/\/realmen.md\/ru\/wp-json\/wp\/v2\/product_tag?post=2608"}],"curies":[{"name":"wp","href":"https:\/\/api.w.org\/{rel}","templated":true}]}}