{"id":2596,"date":"2025-04-28T17:11:38","date_gmt":"2025-04-28T14:11:38","guid":{"rendered":"https:\/\/realmen.md\/?post_type=product&#038;p=2596"},"modified":"2025-12-15T15:30:20","modified_gmt":"2025-12-15T12:30:20","slug":"beard-balm-zero","status":"publish","type":"product","link":"https:\/\/realmen.md\/ru\/shop\/product\/beard-balm-zero\/","title":{"rendered":"Beard balm ZERO"},"content":{"rendered":"","protected":false},"excerpt":{"rendered":"<p><strong>Descriere:<\/strong> Acest balsam ajut\u0103 la crearea direc\u021biei viitoare de cre\u0219tere a b\u0103rbii. Formula sa gel-crem\u0103 combinat\u0103 cu cear\u0103 solid\u0103 ofer\u0103 o fixare medie. Datorit\u0103 uleiului de susan \u0219i umectan\u021bilor suplimentari pe baz\u0103 de ap\u0103, este un excelent produs hidratant pentru b\u0103rbile uscate \u0219i pielea fe\u021bei. Cu utilizarea regulat\u0103, barba devine mai voluminoas\u0103 datorit\u0103 uleiurilor de avocado \u0219i cacao, iar compozi\u021bia aromatic\u0103 bogat\u0103 face ca acest produs s\u0103 fie \u0219i mai \u00eenc\u00e2nt\u0103tor. Balsamul Zero ofer\u0103 un finisaj mat \u0219i este potrivit pentru orice lungime a b\u0103rbii.<\/p>\n<p><strong>Caracteristici:<\/strong> Parfum: M\u0103r + Trandafir + Cire\u0219.<br \/>\n<strong>Propriet\u0103\u021bi:<\/strong><\/p>\n<ul>\n<li>Uleiul de avocado \u00eent\u0103re\u0219te firul de p\u0103r \u0219i previne ruperea firelor de barb\u0103.\\<\/li>\n<li>Untul de cacao restabile\u0219te micronutrien\u021bii \u00een structura p\u0103rului \u0219i adaug\u0103 volum.<\/li>\n<li>Uleiul de susan \u00eembun\u0103t\u0103\u021be\u0219te regenerarea pielii fe\u021bei \u0219i ofer\u0103 protec\u021bie \u00eempotriva radia\u021biilor UV.<\/li>\n<li>Ceara de carnauba ofer\u0103 protec\u021bie, volum \u0219i fixare pentru barb\u0103.<\/li>\n<\/ul>\n<p><strong>Ingrediente:<\/strong> Aqua, PEG-40, cear\u0103 alb\u0103, cear\u0103 de emul\u021bie, propilen glicol, glicerin\u0103, alcool cetilic, cear\u0103 de carnauba, acid stearic, parfum, unt de cacao, ulei de avocado, ulei de susan, fenoxietanolo.<\/p>\n<p><strong>Cum se folose\u0219te:<\/strong> \u00cendep\u0103rta\u021bi produsul cu v\u00e2rful degetului, ajust\u00e2nd cantitatea \u00een func\u021bie de lungimea b\u0103rbii. Freca\u021bi-l \u00eentre palme \u0219i degete. Apoi, \u00eencepe\u021bi s\u0103 masa\u021bi balsamul \u00een barb\u0103 cu mi\u0219c\u0103ri de \u00eenainte-\u00eenapoi. Dac\u0103 barba este scurt\u0103, este suficient s\u0103 freca\u021bi balsamul pe v\u00e2rful degetelor \u0219i s\u0103-l aplica\u021bi pur \u0219i simplu de-a lungul cre\u0219terii b\u0103rbii. Balsamul se distribuie cel mai bine prin piept\u0103nare suplimentar\u0103 cu un pieptene cu din\u021bi sub\u021biri, asigur\u00e2nd o aplicare mai uniform\u0103 \u0219i permi\u021b\u00e2ndu-v\u0103 s\u0103 seta\u021bi direc\u021bia viitoare de cre\u0219tere a b\u0103rbii. Balsamul poate fi aplicat pe barb\u0103 f\u0103r\u0103 restric\u021bii, \u00een orice moment al anului sau al zilei. Dup\u0103 utilizare, este recomandat s\u0103 schimba\u021bi produsul pentru barb\u0103 cu unul diferit.<\/p>","protected":false},"featured_media":2599,"comment_status":"open","ping_status":"closed","template":"","meta":{"_acf_changed":false},"product_brand":[],"product_cat":[57],"product_tag":[39,59],"class_list":{"0":"post-2596","1":"product","2":"type-product","3":"status-publish","4":"has-post-thumbnail","6":"product_cat-beard","7":"product_tag-balsam","8":"product_tag-beard","10":"first","11":"instock","12":"shipping-taxable","13":"purchasable","14":"product-type-variable","15":"has-default-attributes"},"acf":[],"yoast_head":"<!-- This site is optimized with the Yoast SEO plugin v26.0 - https:\/\/yoast.com\/wordpress\/plugins\/seo\/ -->\n<title>Beard balm ZERO - REALMEN - Barbershop Chi\u0219in\u0103u<\/title>\n<meta name=\"robots\" content=\"index, follow, max-snippet:-1, max-image-preview:large, max-video-preview:-1\" \/>\n<link rel=\"canonical\" href=\"https:\/\/realmen.md\/ru\/shop\/product\/beard-balm-zero\/\" \/>\n<meta property=\"og:locale\" content=\"ru_RU\" \/>\n<meta property=\"og:type\" content=\"article\" \/>\n<meta property=\"og:title\" content=\"Beard balm ZERO - REALMEN - Barbershop Chi\u0219in\u0103u\" \/>\n<meta property=\"og:description\" content=\"Descriere: Acest balsam ajut\u0103 la crearea direc\u021biei viitoare de cre\u0219tere a b\u0103rbii. Formula sa gel-crem\u0103 combinat\u0103 cu cear\u0103 solid\u0103 ofer\u0103 o fixare medie. Datorit\u0103 uleiului de susan \u0219i umectan\u021bilor suplimentari pe baz\u0103 de ap\u0103, este un excelent produs hidratant pentru b\u0103rbile uscate \u0219i pielea fe\u021bei. Cu utilizarea regulat\u0103, barba devine mai voluminoas\u0103 datorit\u0103 uleiurilor de avocado \u0219i cacao, iar compozi\u021bia aromatic\u0103 bogat\u0103 face ca acest produs s\u0103 fie \u0219i mai \u00eenc\u00e2nt\u0103tor. Balsamul Zero ofer\u0103 un finisaj mat \u0219i este potrivit pentru orice lungime a b\u0103rbii.  Caracteristici: Parfum: M\u0103r + Trandafir + Cire\u0219. Propriet\u0103\u021bi:   Uleiul de avocado \u00eent\u0103re\u0219te firul de p\u0103r \u0219i previne ruperea firelor de barb\u0103.  Untul de cacao restabile\u0219te micronutrien\u021bii \u00een structura p\u0103rului \u0219i adaug\u0103 volum.  Uleiul de susan \u00eembun\u0103t\u0103\u021be\u0219te regenerarea pielii fe\u021bei \u0219i ofer\u0103 protec\u021bie \u00eempotriva radia\u021biilor UV.  Ceara de carnauba ofer\u0103 protec\u021bie, volum \u0219i fixare pentru barb\u0103.  Ingrediente: Aqua, PEG-40, cear\u0103 alb\u0103, cear\u0103 de emul\u021bie, propilen glicol, glicerin\u0103, alcool cetilic, cear\u0103 de carnauba, acid stearic, parfum, unt de cacao, ulei de avocado, ulei de susan, fenoxietanolo.  Cum se folose\u0219te: \u00cendep\u0103rta\u021bi produsul cu v\u00e2rful degetului, ajust\u00e2nd cantitatea \u00een func\u021bie de lungimea b\u0103rbii. Freca\u021bi-l \u00eentre palme \u0219i degete. Apoi, \u00eencepe\u021bi s\u0103 masa\u021bi balsamul \u00een barb\u0103 cu mi\u0219c\u0103ri de \u00eenainte-\u00eenapoi. Dac\u0103 barba este scurt\u0103, este suficient s\u0103 freca\u021bi balsamul pe v\u00e2rful degetelor \u0219i s\u0103-l aplica\u021bi pur \u0219i simplu de-a lungul cre\u0219terii b\u0103rbii. Balsamul se distribuie cel mai bine prin piept\u0103nare suplimentar\u0103 cu un pieptene cu din\u021bi sub\u021biri, asigur\u00e2nd o aplicare mai uniform\u0103 \u0219i permi\u021b\u00e2ndu-v\u0103 s\u0103 seta\u021bi direc\u021bia viitoare de cre\u0219tere a b\u0103rbii. Balsamul poate fi aplicat pe barb\u0103 f\u0103r\u0103 restric\u021bii, \u00een orice moment al anului sau al zilei. Dup\u0103 utilizare, este recomandat s\u0103 schimba\u021bi produsul pentru barb\u0103 cu unul diferit.\" \/>\n<meta property=\"og:url\" content=\"https:\/\/realmen.md\/ru\/shop\/product\/beard-balm-zero\/\" \/>\n<meta property=\"og:site_name\" content=\"REALMEN - Barbershop Chi\u0219in\u0103u\" \/>\n<meta property=\"article:publisher\" content=\"https:\/\/www.facebook.com\/realmen.md\/\" \/>\n<meta property=\"article:modified_time\" content=\"2025-12-15T12:30:20+00:00\" \/>\n<meta property=\"og:image\" content=\"https:\/\/realmen.md\/wp-content\/uploads\/2025\/04\/1-2.webp\" \/>\n\t<meta property=\"og:image:width\" content=\"886\" \/>\n\t<meta property=\"og:image:height\" content=\"886\" \/>\n\t<meta property=\"og:image:type\" content=\"image\/webp\" \/>\n<meta name=\"twitter:card\" content=\"summary_large_image\" \/>\n<meta name=\"twitter:label1\" content=\"\u041f\u0440\u0438\u043c\u0435\u0440\u043d\u043e\u0435 \u0432\u0440\u0435\u043c\u044f \u0434\u043b\u044f \u0447\u0442\u0435\u043d\u0438\u044f\" \/>\n\t<meta name=\"twitter:data1\" content=\"1 \u043c\u0438\u043d\u0443\u0442\u0430\" \/>\n<script type=\"application\/ld+json\" class=\"yoast-schema-graph\">{\"@context\":\"https:\/\/schema.org\",\"@graph\":[{\"@type\":\"WebPage\",\"@id\":\"https:\/\/realmen.md\/shop\/product\/beard-balm-zero\/\",\"url\":\"https:\/\/realmen.md\/shop\/product\/beard-balm-zero\/\",\"name\":\"Beard balm ZERO - REALMEN - Barbershop Chi\u0219in\u0103u\",\"isPartOf\":{\"@id\":\"https:\/\/realmen.md\/#website\"},\"primaryImageOfPage\":{\"@id\":\"https:\/\/realmen.md\/shop\/product\/beard-balm-zero\/#primaryimage\"},\"image\":{\"@id\":\"https:\/\/realmen.md\/shop\/product\/beard-balm-zero\/#primaryimage\"},\"thumbnailUrl\":\"https:\/\/realmen.md\/wp-content\/uploads\/2025\/04\/1-2.webp\",\"datePublished\":\"2025-04-28T14:11:38+00:00\",\"dateModified\":\"2025-12-15T12:30:20+00:00\",\"breadcrumb\":{\"@id\":\"https:\/\/realmen.md\/shop\/product\/beard-balm-zero\/#breadcrumb\"},\"inLanguage\":\"ru-RU\",\"potentialAction\":[{\"@type\":\"ReadAction\",\"target\":[\"https:\/\/realmen.md\/shop\/product\/beard-balm-zero\/\"]}]},{\"@type\":\"ImageObject\",\"inLanguage\":\"ru-RU\",\"@id\":\"https:\/\/realmen.md\/shop\/product\/beard-balm-zero\/#primaryimage\",\"url\":\"https:\/\/realmen.md\/wp-content\/uploads\/2025\/04\/1-2.webp\",\"contentUrl\":\"https:\/\/realmen.md\/wp-content\/uploads\/2025\/04\/1-2.webp\",\"width\":886,\"height\":886},{\"@type\":\"BreadcrumbList\",\"@id\":\"https:\/\/realmen.md\/shop\/product\/beard-balm-zero\/#breadcrumb\",\"itemListElement\":[{\"@type\":\"ListItem\",\"position\":1,\"name\":\"Home\",\"item\":\"https:\/\/realmen.md\/\"},{\"@type\":\"ListItem\",\"position\":2,\"name\":\"Shop\",\"item\":\"https:\/\/realmen.md\/shop\/\"},{\"@type\":\"ListItem\",\"position\":3,\"name\":\"Beard balm ZERO\"}]},{\"@type\":\"WebSite\",\"@id\":\"https:\/\/realmen.md\/#website\",\"url\":\"https:\/\/realmen.md\/\",\"name\":\"REALMEN\",\"description\":\"\",\"publisher\":{\"@id\":\"https:\/\/realmen.md\/#organization\"},\"potentialAction\":[{\"@type\":\"SearchAction\",\"target\":{\"@type\":\"EntryPoint\",\"urlTemplate\":\"https:\/\/realmen.md\/?s={search_term_string}\"},\"query-input\":{\"@type\":\"PropertyValueSpecification\",\"valueRequired\":true,\"valueName\":\"search_term_string\"}}],\"inLanguage\":\"ru-RU\"},{\"@type\":\"Organization\",\"@id\":\"https:\/\/realmen.md\/#organization\",\"name\":\"REALMEN\",\"url\":\"https:\/\/realmen.md\/\",\"logo\":{\"@type\":\"ImageObject\",\"inLanguage\":\"ru-RU\",\"@id\":\"https:\/\/realmen.md\/#\/schema\/logo\/image\/\",\"url\":\"https:\/\/realmen.md\/wp-content\/uploads\/2025\/02\/Favicon.svg\",\"contentUrl\":\"https:\/\/realmen.md\/wp-content\/uploads\/2025\/02\/Favicon.svg\",\"width\":100,\"height\":100,\"caption\":\"REALMEN\"},\"image\":{\"@id\":\"https:\/\/realmen.md\/#\/schema\/logo\/image\/\"},\"sameAs\":[\"https:\/\/www.facebook.com\/realmen.md\/\",\"https:\/\/www.instagram.com\/realmen.md\/\",\"https:\/\/www.tiktok.com\/@realmen.md\"]}]}<\/script>\n<!-- \/ Yoast SEO plugin. -->","yoast_head_json":{"title":"Beard balm ZERO - REALMEN - Barbershop Chi\u0219in\u0103u","robots":{"index":"index","follow":"follow","max-snippet":"max-snippet:-1","max-image-preview":"max-image-preview:large","max-video-preview":"max-video-preview:-1"},"canonical":"https:\/\/realmen.md\/ru\/shop\/product\/beard-balm-zero\/","og_locale":"ru_RU","og_type":"article","og_title":"Beard balm ZERO - REALMEN - Barbershop Chi\u0219in\u0103u","og_description":"Descriere: Acest balsam ajut\u0103 la crearea direc\u021biei viitoare de cre\u0219tere a b\u0103rbii. Formula sa gel-crem\u0103 combinat\u0103 cu cear\u0103 solid\u0103 ofer\u0103 o fixare medie. Datorit\u0103 uleiului de susan \u0219i umectan\u021bilor suplimentari pe baz\u0103 de ap\u0103, este un excelent produs hidratant pentru b\u0103rbile uscate \u0219i pielea fe\u021bei. Cu utilizarea regulat\u0103, barba devine mai voluminoas\u0103 datorit\u0103 uleiurilor de avocado \u0219i cacao, iar compozi\u021bia aromatic\u0103 bogat\u0103 face ca acest produs s\u0103 fie \u0219i mai \u00eenc\u00e2nt\u0103tor. Balsamul Zero ofer\u0103 un finisaj mat \u0219i este potrivit pentru orice lungime a b\u0103rbii.  Caracteristici: Parfum: M\u0103r + Trandafir + Cire\u0219. Propriet\u0103\u021bi:   Uleiul de avocado \u00eent\u0103re\u0219te firul de p\u0103r \u0219i previne ruperea firelor de barb\u0103.  Untul de cacao restabile\u0219te micronutrien\u021bii \u00een structura p\u0103rului \u0219i adaug\u0103 volum.  Uleiul de susan \u00eembun\u0103t\u0103\u021be\u0219te regenerarea pielii fe\u021bei \u0219i ofer\u0103 protec\u021bie \u00eempotriva radia\u021biilor UV.  Ceara de carnauba ofer\u0103 protec\u021bie, volum \u0219i fixare pentru barb\u0103.  Ingrediente: Aqua, PEG-40, cear\u0103 alb\u0103, cear\u0103 de emul\u021bie, propilen glicol, glicerin\u0103, alcool cetilic, cear\u0103 de carnauba, acid stearic, parfum, unt de cacao, ulei de avocado, ulei de susan, fenoxietanolo.  Cum se folose\u0219te: \u00cendep\u0103rta\u021bi produsul cu v\u00e2rful degetului, ajust\u00e2nd cantitatea \u00een func\u021bie de lungimea b\u0103rbii. Freca\u021bi-l \u00eentre palme \u0219i degete. Apoi, \u00eencepe\u021bi s\u0103 masa\u021bi balsamul \u00een barb\u0103 cu mi\u0219c\u0103ri de \u00eenainte-\u00eenapoi. Dac\u0103 barba este scurt\u0103, este suficient s\u0103 freca\u021bi balsamul pe v\u00e2rful degetelor \u0219i s\u0103-l aplica\u021bi pur \u0219i simplu de-a lungul cre\u0219terii b\u0103rbii. Balsamul se distribuie cel mai bine prin piept\u0103nare suplimentar\u0103 cu un pieptene cu din\u021bi sub\u021biri, asigur\u00e2nd o aplicare mai uniform\u0103 \u0219i permi\u021b\u00e2ndu-v\u0103 s\u0103 seta\u021bi direc\u021bia viitoare de cre\u0219tere a b\u0103rbii. Balsamul poate fi aplicat pe barb\u0103 f\u0103r\u0103 restric\u021bii, \u00een orice moment al anului sau al zilei. Dup\u0103 utilizare, este recomandat s\u0103 schimba\u021bi produsul pentru barb\u0103 cu unul diferit.","og_url":"https:\/\/realmen.md\/ru\/shop\/product\/beard-balm-zero\/","og_site_name":"REALMEN - Barbershop Chi\u0219in\u0103u","article_publisher":"https:\/\/www.facebook.com\/realmen.md\/","article_modified_time":"2025-12-15T12:30:20+00:00","og_image":[{"width":886,"height":886,"url":"https:\/\/realmen.md\/wp-content\/uploads\/2025\/04\/1-2.webp","type":"image\/webp"}],"twitter_card":"summary_large_image","twitter_misc":{"\u041f\u0440\u0438\u043c\u0435\u0440\u043d\u043e\u0435 \u0432\u0440\u0435\u043c\u044f \u0434\u043b\u044f \u0447\u0442\u0435\u043d\u0438\u044f":"1 \u043c\u0438\u043d\u0443\u0442\u0430"},"schema":{"@context":"https:\/\/schema.org","@graph":[{"@type":"WebPage","@id":"https:\/\/realmen.md\/shop\/product\/beard-balm-zero\/","url":"https:\/\/realmen.md\/shop\/product\/beard-balm-zero\/","name":"Beard balm ZERO - REALMEN - Barbershop Chi\u0219in\u0103u","isPartOf":{"@id":"https:\/\/realmen.md\/#website"},"primaryImageOfPage":{"@id":"https:\/\/realmen.md\/shop\/product\/beard-balm-zero\/#primaryimage"},"image":{"@id":"https:\/\/realmen.md\/shop\/product\/beard-balm-zero\/#primaryimage"},"thumbnailUrl":"https:\/\/realmen.md\/wp-content\/uploads\/2025\/04\/1-2.webp","datePublished":"2025-04-28T14:11:38+00:00","dateModified":"2025-12-15T12:30:20+00:00","breadcrumb":{"@id":"https:\/\/realmen.md\/shop\/product\/beard-balm-zero\/#breadcrumb"},"inLanguage":"ru-RU","potentialAction":[{"@type":"ReadAction","target":["https:\/\/realmen.md\/shop\/product\/beard-balm-zero\/"]}]},{"@type":"ImageObject","inLanguage":"ru-RU","@id":"https:\/\/realmen.md\/shop\/product\/beard-balm-zero\/#primaryimage","url":"https:\/\/realmen.md\/wp-content\/uploads\/2025\/04\/1-2.webp","contentUrl":"https:\/\/realmen.md\/wp-content\/uploads\/2025\/04\/1-2.webp","width":886,"height":886},{"@type":"BreadcrumbList","@id":"https:\/\/realmen.md\/shop\/product\/beard-balm-zero\/#breadcrumb","itemListElement":[{"@type":"ListItem","position":1,"name":"Home","item":"https:\/\/realmen.md\/"},{"@type":"ListItem","position":2,"name":"Shop","item":"https:\/\/realmen.md\/shop\/"},{"@type":"ListItem","position":3,"name":"Beard balm ZERO"}]},{"@type":"WebSite","@id":"https:\/\/realmen.md\/#website","url":"https:\/\/realmen.md\/","name":"REALMEN","description":"","publisher":{"@id":"https:\/\/realmen.md\/#organization"},"potentialAction":[{"@type":"SearchAction","target":{"@type":"EntryPoint","urlTemplate":"https:\/\/realmen.md\/?s={search_term_string}"},"query-input":{"@type":"PropertyValueSpecification","valueRequired":true,"valueName":"search_term_string"}}],"inLanguage":"ru-RU"},{"@type":"Organization","@id":"https:\/\/realmen.md\/#organization","name":"REALMEN","url":"https:\/\/realmen.md\/","logo":{"@type":"ImageObject","inLanguage":"ru-RU","@id":"https:\/\/realmen.md\/#\/schema\/logo\/image\/","url":"https:\/\/realmen.md\/wp-content\/uploads\/2025\/02\/Favicon.svg","contentUrl":"https:\/\/realmen.md\/wp-content\/uploads\/2025\/02\/Favicon.svg","width":100,"height":100,"caption":"REALMEN"},"image":{"@id":"https:\/\/realmen.md\/#\/schema\/logo\/image\/"},"sameAs":["https:\/\/www.facebook.com\/realmen.md\/","https:\/\/www.instagram.com\/realmen.md\/","https:\/\/www.tiktok.com\/@realmen.md"]}]}},"_links":{"self":[{"href":"https:\/\/realmen.md\/ru\/wp-json\/wp\/v2\/product\/2596","targetHints":{"allow":["GET"]}}],"collection":[{"href":"https:\/\/realmen.md\/ru\/wp-json\/wp\/v2\/product"}],"about":[{"href":"https:\/\/realmen.md\/ru\/wp-json\/wp\/v2\/types\/product"}],"replies":[{"embeddable":true,"href":"https:\/\/realmen.md\/ru\/wp-json\/wp\/v2\/comments?post=2596"}],"wp:featuredmedia":[{"embeddable":true,"href":"https:\/\/realmen.md\/ru\/wp-json\/wp\/v2\/media\/2599"}],"wp:attachment":[{"href":"https:\/\/realmen.md\/ru\/wp-json\/wp\/v2\/media?parent=2596"}],"wp:term":[{"taxonomy":"product_brand","embeddable":true,"href":"https:\/\/realmen.md\/ru\/wp-json\/wp\/v2\/product_brand?post=2596"},{"taxonomy":"product_cat","embeddable":true,"href":"https:\/\/realmen.md\/ru\/wp-json\/wp\/v2\/product_cat?post=2596"},{"taxonomy":"product_tag","embeddable":true,"href":"https:\/\/realmen.md\/ru\/wp-json\/wp\/v2\/product_tag?post=2596"}],"curies":[{"name":"wp","href":"https:\/\/api.w.org\/{rel}","templated":true}]}}