{"id":2585,"date":"2025-04-28T17:00:29","date_gmt":"2025-04-28T14:00:29","guid":{"rendered":"https:\/\/realmen.md\/?post_type=product&#038;p=2585"},"modified":"2025-12-15T15:27:52","modified_gmt":"2025-12-15T12:27:52","slug":"beard-balm-raider","status":"publish","type":"product","link":"https:\/\/realmen.md\/ru\/shop\/product\/beard-balm-raider\/","title":{"rendered":"Beard balm RAIDER"},"content":{"rendered":"","protected":false},"excerpt":{"rendered":"<p class=\"western\"><span lang=\"en-US\"><b>Descriere:<\/b><\/span><span lang=\"en-US\"> Balsamul care are tot ce este necesar la bord \u0219i este mereu gata de drum.<br \/>\nRaider are o textur\u0103 cremoas\u0103, iar principala sa sarcin\u0103 este aranjarea delicat\u0103 a b\u0103rbii. Func\u021bioneaz\u0103 pe baz\u0103 de ap\u0103 \u0219i con\u021bine un volum mare de cear\u0103 refractar\u0103, care \u00eenv\u0103luie intens firul de p\u0103r \u0219i \u00eel fixeaz\u0103. Este ideal dac\u0103 dori\u021bi doar s\u0103 r\u0103suci\u021bi musta\u021ba. Con\u021bine toate uleiurile esen\u021biale pentru \u00eentre\u021binerea \u0219i dezvoltarea unei b\u0103rbi s\u0103n\u0103toase. Are un parfum ame\u021bitor de struguri, care spore\u0219te aten\u021bia. Este potrivit at\u00e2t pentru b\u0103rbi de lungime medie \u0219i mai mare, c\u00e2t \u0219i doar pentru musta\u021b\u0103. Poate fi folosit \u00een orice perioad\u0103 a anului.<\/span><\/p>\n<p class=\"western\"><b>Caracteristici:<\/b> Arom\u0103: Struguri.<br \/>\nPropriet\u0103\u021bi:<\/p>\n<ul>\n<li>\n<p class=\"western\"><span lang=\"en-US\">Uleiul de Shea protejeaz\u0103 barba de radia\u021biile ultraviolete \u0219i de temperaturile sc\u0103zute.<\/span><\/p>\n<\/li>\n<li>\n<p class=\"western\"><span lang=\"en-US\">Uleiul de avocado \u00eent\u0103re\u0219te firul de p\u0103r \u0219i previne ruperea acestuia.<\/span><\/p>\n<\/li>\n<li>\n<p class=\"western\"><span lang=\"en-US\">Uleiul de migdale creeaz\u0103 un mediu nutritiv pentru barb\u0103.<\/span><\/p>\n<\/li>\n<li>\n<p class=\"western\"><span lang=\"en-US\">Uleiul de palmier ofer\u0103 hidratare intensiv\u0103 b\u0103rbii.<\/span><\/p>\n<\/li>\n<li>\n<p class=\"western\"><span lang=\"en-US\">PVP fixeaz\u0103 firul de p\u0103r.<\/span><\/p>\n<\/li>\n<\/ul>\n<p class=\"western\"><span lang=\"en-US\"><b>Ingrediente:<\/b><\/span><span lang=\"en-US\"> INGREDIENTS: aqua, PEG-40, cear\u0103 de carnauba, cear\u0103 alb\u0103, polistearat de sucroz\u0103, ulei vegetal hidrogenat, pvp, parfum, acid stearic, alcool cetilic, ciclomethicon\u0103, unt de shea, ulei de palmier, ulei din s\u00e2mburi de caise, ulei de migdale, ulei de avocado, fenoxietanol.<\/span><\/p>\n<p class=\"western\"><span lang=\"en-US\"><b>Cum se utilizeaz\u0103:<\/b><\/span><span lang=\"en-US\"> Lua\u021bi o cantitate mic\u0103 de produs cu v\u00e2rful degetului, ajust\u00e2nd cantitatea \u00een func\u021bie de lungimea b\u0103rbii. Freca\u021bi \u00eentre palme \u0219i degete. \u00cencepe\u021bi s\u0103 aplica\u021bi balsamul pe barb\u0103 cu mi\u0219c\u0103ri \u00een jos, urm\u00e2nd direc\u021bia de cre\u0219tere a p\u0103rului. Pentru musta\u021b\u0103, lua\u021bi o cantitate suplimentar\u0103 de balsam \u0219i aplica\u021bi r\u0103sucind musta\u021ba.<\/span><\/p>","protected":false},"featured_media":2588,"comment_status":"open","ping_status":"closed","template":"","meta":{"_acf_changed":false},"product_brand":[],"product_cat":[57],"product_tag":[39,59],"class_list":{"0":"post-2585","1":"product","2":"type-product","3":"status-publish","4":"has-post-thumbnail","6":"product_cat-beard","7":"product_tag-balsam","8":"product_tag-beard","10":"first","11":"instock","12":"shipping-taxable","13":"purchasable","14":"product-type-variable","15":"has-default-attributes"},"acf":[],"yoast_head":"<!-- This site is optimized with the Yoast SEO plugin v26.0 - https:\/\/yoast.com\/wordpress\/plugins\/seo\/ -->\n<title>Beard balm RAIDER - REALMEN - Barbershop Chi\u0219in\u0103u<\/title>\n<meta name=\"robots\" content=\"index, follow, max-snippet:-1, max-image-preview:large, max-video-preview:-1\" \/>\n<link rel=\"canonical\" href=\"https:\/\/realmen.md\/ru\/shop\/product\/beard-balm-raider\/\" \/>\n<meta property=\"og:locale\" content=\"ru_RU\" \/>\n<meta property=\"og:type\" content=\"article\" \/>\n<meta property=\"og:title\" content=\"Beard balm RAIDER - REALMEN - Barbershop Chi\u0219in\u0103u\" \/>\n<meta property=\"og:description\" content=\"Descriere: Balsamul care are tot ce este necesar la bord \u0219i este mereu gata de drum. Raider are o textur\u0103 cremoas\u0103, iar principala sa sarcin\u0103 este aranjarea delicat\u0103 a b\u0103rbii. Func\u021bioneaz\u0103 pe baz\u0103 de ap\u0103 \u0219i con\u021bine un volum mare de cear\u0103 refractar\u0103, care \u00eenv\u0103luie intens firul de p\u0103r \u0219i \u00eel fixeaz\u0103. Este ideal dac\u0103 dori\u021bi doar s\u0103 r\u0103suci\u021bi musta\u021ba. Con\u021bine toate uleiurile esen\u021biale pentru \u00eentre\u021binerea \u0219i dezvoltarea unei b\u0103rbi s\u0103n\u0103toase. Are un parfum ame\u021bitor de struguri, care spore\u0219te aten\u021bia. Este potrivit at\u00e2t pentru b\u0103rbi de lungime medie \u0219i mai mare, c\u00e2t \u0219i doar pentru musta\u021b\u0103. Poate fi folosit \u00een orice perioad\u0103 a anului. Caracteristici: Arom\u0103: Struguri. Propriet\u0103\u021bi:     Uleiul de Shea protejeaz\u0103 barba de radia\u021biile ultraviolete \u0219i de temperaturile sc\u0103zute.    Uleiul de avocado \u00eent\u0103re\u0219te firul de p\u0103r \u0219i previne ruperea acestuia.    Uleiul de migdale creeaz\u0103 un mediu nutritiv pentru barb\u0103.    Uleiul de palmier ofer\u0103 hidratare intensiv\u0103 b\u0103rbii.    PVP fixeaz\u0103 firul de p\u0103r.   Ingrediente: INGREDIENTS: aqua, PEG-40, cear\u0103 de carnauba, cear\u0103 alb\u0103, polistearat de sucroz\u0103, ulei vegetal hidrogenat, pvp, parfum, acid stearic, alcool cetilic, ciclomethicon\u0103, unt de shea, ulei de palmier, ulei din s\u00e2mburi de caise, ulei de migdale, ulei de avocado, fenoxietanol. Cum se utilizeaz\u0103: Lua\u021bi o cantitate mic\u0103 de produs cu v\u00e2rful degetului, ajust\u00e2nd cantitatea \u00een func\u021bie de lungimea b\u0103rbii. Freca\u021bi \u00eentre palme \u0219i degete. \u00cencepe\u021bi s\u0103 aplica\u021bi balsamul pe barb\u0103 cu mi\u0219c\u0103ri \u00een jos, urm\u00e2nd direc\u021bia de cre\u0219tere a p\u0103rului. Pentru musta\u021b\u0103, lua\u021bi o cantitate suplimentar\u0103 de balsam \u0219i aplica\u021bi r\u0103sucind musta\u021ba.\" \/>\n<meta property=\"og:url\" content=\"https:\/\/realmen.md\/ru\/shop\/product\/beard-balm-raider\/\" \/>\n<meta property=\"og:site_name\" content=\"REALMEN - Barbershop Chi\u0219in\u0103u\" \/>\n<meta property=\"article:publisher\" content=\"https:\/\/www.facebook.com\/realmen.md\/\" \/>\n<meta property=\"article:modified_time\" content=\"2025-12-15T12:27:52+00:00\" \/>\n<meta property=\"og:image\" content=\"https:\/\/realmen.md\/wp-content\/uploads\/2025\/04\/1.webp\" \/>\n\t<meta property=\"og:image:width\" content=\"924\" \/>\n\t<meta property=\"og:image:height\" content=\"911\" \/>\n\t<meta property=\"og:image:type\" content=\"image\/webp\" \/>\n<meta name=\"twitter:card\" content=\"summary_large_image\" \/>\n<meta name=\"twitter:label1\" content=\"\u041f\u0440\u0438\u043c\u0435\u0440\u043d\u043e\u0435 \u0432\u0440\u0435\u043c\u044f \u0434\u043b\u044f \u0447\u0442\u0435\u043d\u0438\u044f\" \/>\n\t<meta name=\"twitter:data1\" content=\"1 \u043c\u0438\u043d\u0443\u0442\u0430\" \/>\n<script type=\"application\/ld+json\" class=\"yoast-schema-graph\">{\"@context\":\"https:\/\/schema.org\",\"@graph\":[{\"@type\":\"WebPage\",\"@id\":\"https:\/\/realmen.md\/shop\/product\/beard-balm-raider\/\",\"url\":\"https:\/\/realmen.md\/shop\/product\/beard-balm-raider\/\",\"name\":\"Beard balm RAIDER - REALMEN - Barbershop Chi\u0219in\u0103u\",\"isPartOf\":{\"@id\":\"https:\/\/realmen.md\/#website\"},\"primaryImageOfPage\":{\"@id\":\"https:\/\/realmen.md\/shop\/product\/beard-balm-raider\/#primaryimage\"},\"image\":{\"@id\":\"https:\/\/realmen.md\/shop\/product\/beard-balm-raider\/#primaryimage\"},\"thumbnailUrl\":\"https:\/\/realmen.md\/wp-content\/uploads\/2025\/04\/1.webp\",\"datePublished\":\"2025-04-28T14:00:29+00:00\",\"dateModified\":\"2025-12-15T12:27:52+00:00\",\"breadcrumb\":{\"@id\":\"https:\/\/realmen.md\/shop\/product\/beard-balm-raider\/#breadcrumb\"},\"inLanguage\":\"ru-RU\",\"potentialAction\":[{\"@type\":\"ReadAction\",\"target\":[\"https:\/\/realmen.md\/shop\/product\/beard-balm-raider\/\"]}]},{\"@type\":\"ImageObject\",\"inLanguage\":\"ru-RU\",\"@id\":\"https:\/\/realmen.md\/shop\/product\/beard-balm-raider\/#primaryimage\",\"url\":\"https:\/\/realmen.md\/wp-content\/uploads\/2025\/04\/1.webp\",\"contentUrl\":\"https:\/\/realmen.md\/wp-content\/uploads\/2025\/04\/1.webp\",\"width\":924,\"height\":911},{\"@type\":\"BreadcrumbList\",\"@id\":\"https:\/\/realmen.md\/shop\/product\/beard-balm-raider\/#breadcrumb\",\"itemListElement\":[{\"@type\":\"ListItem\",\"position\":1,\"name\":\"Home\",\"item\":\"https:\/\/realmen.md\/\"},{\"@type\":\"ListItem\",\"position\":2,\"name\":\"Shop\",\"item\":\"https:\/\/realmen.md\/shop\/\"},{\"@type\":\"ListItem\",\"position\":3,\"name\":\"Beard balm RAIDER\"}]},{\"@type\":\"WebSite\",\"@id\":\"https:\/\/realmen.md\/#website\",\"url\":\"https:\/\/realmen.md\/\",\"name\":\"REALMEN\",\"description\":\"\",\"publisher\":{\"@id\":\"https:\/\/realmen.md\/#organization\"},\"potentialAction\":[{\"@type\":\"SearchAction\",\"target\":{\"@type\":\"EntryPoint\",\"urlTemplate\":\"https:\/\/realmen.md\/?s={search_term_string}\"},\"query-input\":{\"@type\":\"PropertyValueSpecification\",\"valueRequired\":true,\"valueName\":\"search_term_string\"}}],\"inLanguage\":\"ru-RU\"},{\"@type\":\"Organization\",\"@id\":\"https:\/\/realmen.md\/#organization\",\"name\":\"REALMEN\",\"url\":\"https:\/\/realmen.md\/\",\"logo\":{\"@type\":\"ImageObject\",\"inLanguage\":\"ru-RU\",\"@id\":\"https:\/\/realmen.md\/#\/schema\/logo\/image\/\",\"url\":\"https:\/\/realmen.md\/wp-content\/uploads\/2025\/02\/Favicon.svg\",\"contentUrl\":\"https:\/\/realmen.md\/wp-content\/uploads\/2025\/02\/Favicon.svg\",\"width\":100,\"height\":100,\"caption\":\"REALMEN\"},\"image\":{\"@id\":\"https:\/\/realmen.md\/#\/schema\/logo\/image\/\"},\"sameAs\":[\"https:\/\/www.facebook.com\/realmen.md\/\",\"https:\/\/www.instagram.com\/realmen.md\/\",\"https:\/\/www.tiktok.com\/@realmen.md\"]}]}<\/script>\n<!-- \/ Yoast SEO plugin. -->","yoast_head_json":{"title":"Beard balm RAIDER - REALMEN - Barbershop Chi\u0219in\u0103u","robots":{"index":"index","follow":"follow","max-snippet":"max-snippet:-1","max-image-preview":"max-image-preview:large","max-video-preview":"max-video-preview:-1"},"canonical":"https:\/\/realmen.md\/ru\/shop\/product\/beard-balm-raider\/","og_locale":"ru_RU","og_type":"article","og_title":"Beard balm RAIDER - REALMEN - Barbershop Chi\u0219in\u0103u","og_description":"Descriere: Balsamul care are tot ce este necesar la bord \u0219i este mereu gata de drum. Raider are o textur\u0103 cremoas\u0103, iar principala sa sarcin\u0103 este aranjarea delicat\u0103 a b\u0103rbii. Func\u021bioneaz\u0103 pe baz\u0103 de ap\u0103 \u0219i con\u021bine un volum mare de cear\u0103 refractar\u0103, care \u00eenv\u0103luie intens firul de p\u0103r \u0219i \u00eel fixeaz\u0103. Este ideal dac\u0103 dori\u021bi doar s\u0103 r\u0103suci\u021bi musta\u021ba. Con\u021bine toate uleiurile esen\u021biale pentru \u00eentre\u021binerea \u0219i dezvoltarea unei b\u0103rbi s\u0103n\u0103toase. Are un parfum ame\u021bitor de struguri, care spore\u0219te aten\u021bia. Este potrivit at\u00e2t pentru b\u0103rbi de lungime medie \u0219i mai mare, c\u00e2t \u0219i doar pentru musta\u021b\u0103. Poate fi folosit \u00een orice perioad\u0103 a anului. Caracteristici: Arom\u0103: Struguri. Propriet\u0103\u021bi:     Uleiul de Shea protejeaz\u0103 barba de radia\u021biile ultraviolete \u0219i de temperaturile sc\u0103zute.    Uleiul de avocado \u00eent\u0103re\u0219te firul de p\u0103r \u0219i previne ruperea acestuia.    Uleiul de migdale creeaz\u0103 un mediu nutritiv pentru barb\u0103.    Uleiul de palmier ofer\u0103 hidratare intensiv\u0103 b\u0103rbii.    PVP fixeaz\u0103 firul de p\u0103r.   Ingrediente: INGREDIENTS: aqua, PEG-40, cear\u0103 de carnauba, cear\u0103 alb\u0103, polistearat de sucroz\u0103, ulei vegetal hidrogenat, pvp, parfum, acid stearic, alcool cetilic, ciclomethicon\u0103, unt de shea, ulei de palmier, ulei din s\u00e2mburi de caise, ulei de migdale, ulei de avocado, fenoxietanol. Cum se utilizeaz\u0103: Lua\u021bi o cantitate mic\u0103 de produs cu v\u00e2rful degetului, ajust\u00e2nd cantitatea \u00een func\u021bie de lungimea b\u0103rbii. Freca\u021bi \u00eentre palme \u0219i degete. \u00cencepe\u021bi s\u0103 aplica\u021bi balsamul pe barb\u0103 cu mi\u0219c\u0103ri \u00een jos, urm\u00e2nd direc\u021bia de cre\u0219tere a p\u0103rului. Pentru musta\u021b\u0103, lua\u021bi o cantitate suplimentar\u0103 de balsam \u0219i aplica\u021bi r\u0103sucind musta\u021ba.","og_url":"https:\/\/realmen.md\/ru\/shop\/product\/beard-balm-raider\/","og_site_name":"REALMEN - Barbershop Chi\u0219in\u0103u","article_publisher":"https:\/\/www.facebook.com\/realmen.md\/","article_modified_time":"2025-12-15T12:27:52+00:00","og_image":[{"width":924,"height":911,"url":"https:\/\/realmen.md\/wp-content\/uploads\/2025\/04\/1.webp","type":"image\/webp"}],"twitter_card":"summary_large_image","twitter_misc":{"\u041f\u0440\u0438\u043c\u0435\u0440\u043d\u043e\u0435 \u0432\u0440\u0435\u043c\u044f \u0434\u043b\u044f \u0447\u0442\u0435\u043d\u0438\u044f":"1 \u043c\u0438\u043d\u0443\u0442\u0430"},"schema":{"@context":"https:\/\/schema.org","@graph":[{"@type":"WebPage","@id":"https:\/\/realmen.md\/shop\/product\/beard-balm-raider\/","url":"https:\/\/realmen.md\/shop\/product\/beard-balm-raider\/","name":"Beard balm RAIDER - REALMEN - Barbershop Chi\u0219in\u0103u","isPartOf":{"@id":"https:\/\/realmen.md\/#website"},"primaryImageOfPage":{"@id":"https:\/\/realmen.md\/shop\/product\/beard-balm-raider\/#primaryimage"},"image":{"@id":"https:\/\/realmen.md\/shop\/product\/beard-balm-raider\/#primaryimage"},"thumbnailUrl":"https:\/\/realmen.md\/wp-content\/uploads\/2025\/04\/1.webp","datePublished":"2025-04-28T14:00:29+00:00","dateModified":"2025-12-15T12:27:52+00:00","breadcrumb":{"@id":"https:\/\/realmen.md\/shop\/product\/beard-balm-raider\/#breadcrumb"},"inLanguage":"ru-RU","potentialAction":[{"@type":"ReadAction","target":["https:\/\/realmen.md\/shop\/product\/beard-balm-raider\/"]}]},{"@type":"ImageObject","inLanguage":"ru-RU","@id":"https:\/\/realmen.md\/shop\/product\/beard-balm-raider\/#primaryimage","url":"https:\/\/realmen.md\/wp-content\/uploads\/2025\/04\/1.webp","contentUrl":"https:\/\/realmen.md\/wp-content\/uploads\/2025\/04\/1.webp","width":924,"height":911},{"@type":"BreadcrumbList","@id":"https:\/\/realmen.md\/shop\/product\/beard-balm-raider\/#breadcrumb","itemListElement":[{"@type":"ListItem","position":1,"name":"Home","item":"https:\/\/realmen.md\/"},{"@type":"ListItem","position":2,"name":"Shop","item":"https:\/\/realmen.md\/shop\/"},{"@type":"ListItem","position":3,"name":"Beard balm RAIDER"}]},{"@type":"WebSite","@id":"https:\/\/realmen.md\/#website","url":"https:\/\/realmen.md\/","name":"REALMEN","description":"","publisher":{"@id":"https:\/\/realmen.md\/#organization"},"potentialAction":[{"@type":"SearchAction","target":{"@type":"EntryPoint","urlTemplate":"https:\/\/realmen.md\/?s={search_term_string}"},"query-input":{"@type":"PropertyValueSpecification","valueRequired":true,"valueName":"search_term_string"}}],"inLanguage":"ru-RU"},{"@type":"Organization","@id":"https:\/\/realmen.md\/#organization","name":"REALMEN","url":"https:\/\/realmen.md\/","logo":{"@type":"ImageObject","inLanguage":"ru-RU","@id":"https:\/\/realmen.md\/#\/schema\/logo\/image\/","url":"https:\/\/realmen.md\/wp-content\/uploads\/2025\/02\/Favicon.svg","contentUrl":"https:\/\/realmen.md\/wp-content\/uploads\/2025\/02\/Favicon.svg","width":100,"height":100,"caption":"REALMEN"},"image":{"@id":"https:\/\/realmen.md\/#\/schema\/logo\/image\/"},"sameAs":["https:\/\/www.facebook.com\/realmen.md\/","https:\/\/www.instagram.com\/realmen.md\/","https:\/\/www.tiktok.com\/@realmen.md"]}]}},"_links":{"self":[{"href":"https:\/\/realmen.md\/ru\/wp-json\/wp\/v2\/product\/2585","targetHints":{"allow":["GET"]}}],"collection":[{"href":"https:\/\/realmen.md\/ru\/wp-json\/wp\/v2\/product"}],"about":[{"href":"https:\/\/realmen.md\/ru\/wp-json\/wp\/v2\/types\/product"}],"replies":[{"embeddable":true,"href":"https:\/\/realmen.md\/ru\/wp-json\/wp\/v2\/comments?post=2585"}],"wp:featuredmedia":[{"embeddable":true,"href":"https:\/\/realmen.md\/ru\/wp-json\/wp\/v2\/media\/2588"}],"wp:attachment":[{"href":"https:\/\/realmen.md\/ru\/wp-json\/wp\/v2\/media?parent=2585"}],"wp:term":[{"taxonomy":"product_brand","embeddable":true,"href":"https:\/\/realmen.md\/ru\/wp-json\/wp\/v2\/product_brand?post=2585"},{"taxonomy":"product_cat","embeddable":true,"href":"https:\/\/realmen.md\/ru\/wp-json\/wp\/v2\/product_cat?post=2585"},{"taxonomy":"product_tag","embeddable":true,"href":"https:\/\/realmen.md\/ru\/wp-json\/wp\/v2\/product_tag?post=2585"}],"curies":[{"name":"wp","href":"https:\/\/api.w.org\/{rel}","templated":true}]}}