{"id":2370,"date":"2025-02-02T18:55:27","date_gmt":"2025-02-02T15:55:27","guid":{"rendered":"https:\/\/realmen.md\/?post_type=product&#038;p=2370"},"modified":"2025-12-15T15:24:47","modified_gmt":"2025-12-15T12:24:47","slug":"beard-balm-jack","status":"publish","type":"product","link":"https:\/\/realmen.md\/ru\/shop\/product\/beard-balm-jack\/","title":{"rendered":"Beard balm JACK"},"content":{"rendered":"","protected":false},"excerpt":{"rendered":"<p class=\"western\"><span lang=\"en-US\"><b>Descriere:<\/b><\/span><span lang=\"en-US\"> Acest balsam este perfect pentru b\u0103rbatul cu barb\u0103 care c\u0103l\u0103tore\u0219te. Se bazeaz\u0103 pe o formul\u0103 u\u0219oar\u0103 pe baz\u0103 de ap\u0103, cu uleiuri de migdale \u0219i germeni de gr\u00e2u. U\u0219or \u0219i moale, ca spuma oceanului, are o compozi\u021bie parfumat\u0103 incredibil\u0103. Aroma este de lung\u0103 durat\u0103, cu un efect puternic de ulei esen\u021bial de bergamot\u0103, oferind un parfum extrem de proasp\u0103t care ajut\u0103 la concentrara min\u021bii. Dac\u0103 vrei s\u0103 experimentezi noi locuri cu toate sim\u021burile \u0219i s\u0103 fii pe drum toat\u0103 ziua, Jack este \u00eenso\u021bitorul ideal. Este potrivit pentru toate tipurile de barb\u0103, iar parfumul s\u0103u este pl\u0103cut \u00een orice sezon.<\/span><\/p>\n<p class=\"western\"><span lang=\"en-US\"><b>Caracteristici:<\/b><\/span><span lang=\"en-US\"> Parfum: Bergamot + L\u0103m\u00e2ie.<br \/>\nPropriet\u0103\u021bi:<\/span><\/p>\n<ul>\n<li>\n<p class=\"western\"><span lang=\"en-US\">Uleiul de migdale creeaz\u0103 un mediu nutritiv pentru p\u0103r \u0219i pielea fe\u021bei.<\/span><\/p>\n<\/li>\n<li>\n<p class=\"western\"><span lang=\"en-US\">Uleiul de germeni de gr\u00e2u are un efect tonifiant.<\/span><\/p>\n<\/li>\n<li>\n<p class=\"western\"><span lang=\"en-US\">Hidratant extrem de eficient ajut\u0103 la men\u021binerea umezelii.<\/span><\/p>\n<\/li>\n<li>\n<p class=\"western\"><span lang=\"en-US\">Uleiul de bergamot\u0103 stimuleaz\u0103 cre\u0219terea p\u0103rului.<\/span><\/p>\n<\/li>\n<\/ul>\n<p class=\"western\"><span lang=\"en-US\"><b>Ingrediente:<\/b><\/span><span lang=\"en-US\"> Aqua, PEG-40, ulei de bergamot\u0103, PEG-7, ciclomethicone, glicerin\u0103, alcool cetearyl, palmitat izopropilic, D-penthanol, ulei de germeni de gr\u00e2u, ulei de migdale, alcool cetilic, polistearat de sucroz\u0103, ceteareth 20, parfum, fenoxietanol.<\/span><\/p>\n<p class=\"western\"><span lang=\"en-US\"><b>Cum se folose\u0219te:<\/b><\/span><span lang=\"en-US\"> Balsamul JACK este o modalitate excelent\u0103 de a \u00eencepe o diminea\u021b\u0103 revigorant\u0103, av\u00e2nd un parfum bogat \u0219i tonifiant. Recomand\u0103m aplicarea cantit\u0103\u021bii dorite de balsam pe m\u00e2ini, frecarea temeinic\u0103 pentru a sim\u021bi aroma \u0219i apoi masarea delicat\u0103 \u00een barb\u0103, asigur\u00e2nd o distribu\u021bie uniform\u0103 pe toat\u0103 lungimea \u0219i aplic\u00e2ndu-l \u0219i pe musta\u021b\u0103. Balsamul poate fi aplicat pe barb\u0103 f\u0103r\u0103 restric\u021bii, \u00een orice moment al anului sau al zilei. Dup\u0103 utilizare, este recomandat s\u0103 schimbi produsul pentru barb\u0103 cu unul diferit.<\/span><\/p>","protected":false},"featured_media":2337,"comment_status":"open","ping_status":"closed","template":"","meta":{"_acf_changed":false},"product_brand":[],"product_cat":[57],"product_tag":[],"class_list":{"0":"post-2370","1":"product","2":"type-product","3":"status-publish","4":"has-post-thumbnail","6":"product_cat-beard","8":"first","9":"instock","10":"shipping-taxable","11":"purchasable","12":"product-type-variable","13":"has-default-attributes"},"acf":[],"yoast_head":"<!-- This site is optimized with the Yoast SEO plugin v26.0 - https:\/\/yoast.com\/wordpress\/plugins\/seo\/ -->\n<title>Beard balm JACK - REALMEN - Barbershop Chi\u0219in\u0103u<\/title>\n<meta name=\"robots\" content=\"index, follow, max-snippet:-1, max-image-preview:large, max-video-preview:-1\" \/>\n<link rel=\"canonical\" href=\"https:\/\/realmen.md\/ru\/shop\/product\/beard-balm-jack\/\" \/>\n<meta property=\"og:locale\" content=\"ru_RU\" \/>\n<meta property=\"og:type\" content=\"article\" \/>\n<meta property=\"og:title\" content=\"Beard balm JACK - REALMEN - Barbershop Chi\u0219in\u0103u\" \/>\n<meta property=\"og:description\" content=\"Descriere: Acest balsam este perfect pentru b\u0103rbatul cu barb\u0103 care c\u0103l\u0103tore\u0219te. Se bazeaz\u0103 pe o formul\u0103 u\u0219oar\u0103 pe baz\u0103 de ap\u0103, cu uleiuri de migdale \u0219i germeni de gr\u00e2u. U\u0219or \u0219i moale, ca spuma oceanului, are o compozi\u021bie parfumat\u0103 incredibil\u0103. Aroma este de lung\u0103 durat\u0103, cu un efect puternic de ulei esen\u021bial de bergamot\u0103, oferind un parfum extrem de proasp\u0103t care ajut\u0103 la concentrara min\u021bii. Dac\u0103 vrei s\u0103 experimentezi noi locuri cu toate sim\u021burile \u0219i s\u0103 fii pe drum toat\u0103 ziua, Jack este \u00eenso\u021bitorul ideal. Este potrivit pentru toate tipurile de barb\u0103, iar parfumul s\u0103u este pl\u0103cut \u00een orice sezon. Caracteristici: Parfum: Bergamot + L\u0103m\u00e2ie. Propriet\u0103\u021bi:     Uleiul de migdale creeaz\u0103 un mediu nutritiv pentru p\u0103r \u0219i pielea fe\u021bei.    Uleiul de germeni de gr\u00e2u are un efect tonifiant.    Hidratant extrem de eficient ajut\u0103 la men\u021binerea umezelii.    Uleiul de bergamot\u0103 stimuleaz\u0103 cre\u0219terea p\u0103rului.   Ingrediente: Aqua, PEG-40, ulei de bergamot\u0103, PEG-7, ciclomethicone, glicerin\u0103, alcool cetearyl, palmitat izopropilic, D-penthanol, ulei de germeni de gr\u00e2u, ulei de migdale, alcool cetilic, polistearat de sucroz\u0103, ceteareth 20, parfum, fenoxietanol. Cum se folose\u0219te: Balsamul JACK este o modalitate excelent\u0103 de a \u00eencepe o diminea\u021b\u0103 revigorant\u0103, av\u00e2nd un parfum bogat \u0219i tonifiant. Recomand\u0103m aplicarea cantit\u0103\u021bii dorite de balsam pe m\u00e2ini, frecarea temeinic\u0103 pentru a sim\u021bi aroma \u0219i apoi masarea delicat\u0103 \u00een barb\u0103, asigur\u00e2nd o distribu\u021bie uniform\u0103 pe toat\u0103 lungimea \u0219i aplic\u00e2ndu-l \u0219i pe musta\u021b\u0103. Balsamul poate fi aplicat pe barb\u0103 f\u0103r\u0103 restric\u021bii, \u00een orice moment al anului sau al zilei. Dup\u0103 utilizare, este recomandat s\u0103 schimbi produsul pentru barb\u0103 cu unul diferit.\" \/>\n<meta property=\"og:url\" content=\"https:\/\/realmen.md\/ru\/shop\/product\/beard-balm-jack\/\" \/>\n<meta property=\"og:site_name\" content=\"REALMEN - Barbershop Chi\u0219in\u0103u\" \/>\n<meta property=\"article:publisher\" content=\"https:\/\/www.facebook.com\/realmen.md\/\" \/>\n<meta property=\"article:modified_time\" content=\"2025-12-15T12:24:47+00:00\" \/>\n<meta property=\"og:image\" content=\"https:\/\/realmen.md\/wp-content\/uploads\/2025\/02\/1.webp\" \/>\n\t<meta property=\"og:image:width\" content=\"924\" \/>\n\t<meta property=\"og:image:height\" content=\"911\" \/>\n\t<meta property=\"og:image:type\" content=\"image\/webp\" \/>\n<meta name=\"twitter:card\" content=\"summary_large_image\" \/>\n<meta name=\"twitter:label1\" content=\"\u041f\u0440\u0438\u043c\u0435\u0440\u043d\u043e\u0435 \u0432\u0440\u0435\u043c\u044f \u0434\u043b\u044f \u0447\u0442\u0435\u043d\u0438\u044f\" \/>\n\t<meta name=\"twitter:data1\" content=\"1 \u043c\u0438\u043d\u0443\u0442\u0430\" \/>\n<script type=\"application\/ld+json\" class=\"yoast-schema-graph\">{\"@context\":\"https:\/\/schema.org\",\"@graph\":[{\"@type\":\"WebPage\",\"@id\":\"https:\/\/realmen.md\/shop\/product\/beard-balm-jack\/\",\"url\":\"https:\/\/realmen.md\/shop\/product\/beard-balm-jack\/\",\"name\":\"Beard balm JACK - REALMEN - Barbershop Chi\u0219in\u0103u\",\"isPartOf\":{\"@id\":\"https:\/\/realmen.md\/#website\"},\"primaryImageOfPage\":{\"@id\":\"https:\/\/realmen.md\/shop\/product\/beard-balm-jack\/#primaryimage\"},\"image\":{\"@id\":\"https:\/\/realmen.md\/shop\/product\/beard-balm-jack\/#primaryimage\"},\"thumbnailUrl\":\"https:\/\/realmen.md\/wp-content\/uploads\/2025\/02\/1.webp\",\"datePublished\":\"2025-02-02T15:55:27+00:00\",\"dateModified\":\"2025-12-15T12:24:47+00:00\",\"breadcrumb\":{\"@id\":\"https:\/\/realmen.md\/shop\/product\/beard-balm-jack\/#breadcrumb\"},\"inLanguage\":\"ru-RU\",\"potentialAction\":[{\"@type\":\"ReadAction\",\"target\":[\"https:\/\/realmen.md\/shop\/product\/beard-balm-jack\/\"]}]},{\"@type\":\"ImageObject\",\"inLanguage\":\"ru-RU\",\"@id\":\"https:\/\/realmen.md\/shop\/product\/beard-balm-jack\/#primaryimage\",\"url\":\"https:\/\/realmen.md\/wp-content\/uploads\/2025\/02\/1.webp\",\"contentUrl\":\"https:\/\/realmen.md\/wp-content\/uploads\/2025\/02\/1.webp\",\"width\":924,\"height\":911},{\"@type\":\"BreadcrumbList\",\"@id\":\"https:\/\/realmen.md\/shop\/product\/beard-balm-jack\/#breadcrumb\",\"itemListElement\":[{\"@type\":\"ListItem\",\"position\":1,\"name\":\"Home\",\"item\":\"https:\/\/realmen.md\/\"},{\"@type\":\"ListItem\",\"position\":2,\"name\":\"Shop\",\"item\":\"https:\/\/realmen.md\/shop\/\"},{\"@type\":\"ListItem\",\"position\":3,\"name\":\"Beard balm JACK\"}]},{\"@type\":\"WebSite\",\"@id\":\"https:\/\/realmen.md\/#website\",\"url\":\"https:\/\/realmen.md\/\",\"name\":\"REALMEN\",\"description\":\"\",\"publisher\":{\"@id\":\"https:\/\/realmen.md\/#organization\"},\"potentialAction\":[{\"@type\":\"SearchAction\",\"target\":{\"@type\":\"EntryPoint\",\"urlTemplate\":\"https:\/\/realmen.md\/?s={search_term_string}\"},\"query-input\":{\"@type\":\"PropertyValueSpecification\",\"valueRequired\":true,\"valueName\":\"search_term_string\"}}],\"inLanguage\":\"ru-RU\"},{\"@type\":\"Organization\",\"@id\":\"https:\/\/realmen.md\/#organization\",\"name\":\"REALMEN\",\"url\":\"https:\/\/realmen.md\/\",\"logo\":{\"@type\":\"ImageObject\",\"inLanguage\":\"ru-RU\",\"@id\":\"https:\/\/realmen.md\/#\/schema\/logo\/image\/\",\"url\":\"https:\/\/realmen.md\/wp-content\/uploads\/2025\/02\/Favicon.svg\",\"contentUrl\":\"https:\/\/realmen.md\/wp-content\/uploads\/2025\/02\/Favicon.svg\",\"width\":100,\"height\":100,\"caption\":\"REALMEN\"},\"image\":{\"@id\":\"https:\/\/realmen.md\/#\/schema\/logo\/image\/\"},\"sameAs\":[\"https:\/\/www.facebook.com\/realmen.md\/\",\"https:\/\/www.instagram.com\/realmen.md\/\",\"https:\/\/www.tiktok.com\/@realmen.md\"]}]}<\/script>\n<!-- \/ Yoast SEO plugin. -->","yoast_head_json":{"title":"Beard balm JACK - REALMEN - Barbershop Chi\u0219in\u0103u","robots":{"index":"index","follow":"follow","max-snippet":"max-snippet:-1","max-image-preview":"max-image-preview:large","max-video-preview":"max-video-preview:-1"},"canonical":"https:\/\/realmen.md\/ru\/shop\/product\/beard-balm-jack\/","og_locale":"ru_RU","og_type":"article","og_title":"Beard balm JACK - REALMEN - Barbershop Chi\u0219in\u0103u","og_description":"Descriere: Acest balsam este perfect pentru b\u0103rbatul cu barb\u0103 care c\u0103l\u0103tore\u0219te. Se bazeaz\u0103 pe o formul\u0103 u\u0219oar\u0103 pe baz\u0103 de ap\u0103, cu uleiuri de migdale \u0219i germeni de gr\u00e2u. U\u0219or \u0219i moale, ca spuma oceanului, are o compozi\u021bie parfumat\u0103 incredibil\u0103. Aroma este de lung\u0103 durat\u0103, cu un efect puternic de ulei esen\u021bial de bergamot\u0103, oferind un parfum extrem de proasp\u0103t care ajut\u0103 la concentrara min\u021bii. Dac\u0103 vrei s\u0103 experimentezi noi locuri cu toate sim\u021burile \u0219i s\u0103 fii pe drum toat\u0103 ziua, Jack este \u00eenso\u021bitorul ideal. Este potrivit pentru toate tipurile de barb\u0103, iar parfumul s\u0103u este pl\u0103cut \u00een orice sezon. Caracteristici: Parfum: Bergamot + L\u0103m\u00e2ie. Propriet\u0103\u021bi:     Uleiul de migdale creeaz\u0103 un mediu nutritiv pentru p\u0103r \u0219i pielea fe\u021bei.    Uleiul de germeni de gr\u00e2u are un efect tonifiant.    Hidratant extrem de eficient ajut\u0103 la men\u021binerea umezelii.    Uleiul de bergamot\u0103 stimuleaz\u0103 cre\u0219terea p\u0103rului.   Ingrediente: Aqua, PEG-40, ulei de bergamot\u0103, PEG-7, ciclomethicone, glicerin\u0103, alcool cetearyl, palmitat izopropilic, D-penthanol, ulei de germeni de gr\u00e2u, ulei de migdale, alcool cetilic, polistearat de sucroz\u0103, ceteareth 20, parfum, fenoxietanol. Cum se folose\u0219te: Balsamul JACK este o modalitate excelent\u0103 de a \u00eencepe o diminea\u021b\u0103 revigorant\u0103, av\u00e2nd un parfum bogat \u0219i tonifiant. Recomand\u0103m aplicarea cantit\u0103\u021bii dorite de balsam pe m\u00e2ini, frecarea temeinic\u0103 pentru a sim\u021bi aroma \u0219i apoi masarea delicat\u0103 \u00een barb\u0103, asigur\u00e2nd o distribu\u021bie uniform\u0103 pe toat\u0103 lungimea \u0219i aplic\u00e2ndu-l \u0219i pe musta\u021b\u0103. Balsamul poate fi aplicat pe barb\u0103 f\u0103r\u0103 restric\u021bii, \u00een orice moment al anului sau al zilei. Dup\u0103 utilizare, este recomandat s\u0103 schimbi produsul pentru barb\u0103 cu unul diferit.","og_url":"https:\/\/realmen.md\/ru\/shop\/product\/beard-balm-jack\/","og_site_name":"REALMEN - Barbershop Chi\u0219in\u0103u","article_publisher":"https:\/\/www.facebook.com\/realmen.md\/","article_modified_time":"2025-12-15T12:24:47+00:00","og_image":[{"width":924,"height":911,"url":"https:\/\/realmen.md\/wp-content\/uploads\/2025\/02\/1.webp","type":"image\/webp"}],"twitter_card":"summary_large_image","twitter_misc":{"\u041f\u0440\u0438\u043c\u0435\u0440\u043d\u043e\u0435 \u0432\u0440\u0435\u043c\u044f \u0434\u043b\u044f \u0447\u0442\u0435\u043d\u0438\u044f":"1 \u043c\u0438\u043d\u0443\u0442\u0430"},"schema":{"@context":"https:\/\/schema.org","@graph":[{"@type":"WebPage","@id":"https:\/\/realmen.md\/shop\/product\/beard-balm-jack\/","url":"https:\/\/realmen.md\/shop\/product\/beard-balm-jack\/","name":"Beard balm JACK - REALMEN - Barbershop Chi\u0219in\u0103u","isPartOf":{"@id":"https:\/\/realmen.md\/#website"},"primaryImageOfPage":{"@id":"https:\/\/realmen.md\/shop\/product\/beard-balm-jack\/#primaryimage"},"image":{"@id":"https:\/\/realmen.md\/shop\/product\/beard-balm-jack\/#primaryimage"},"thumbnailUrl":"https:\/\/realmen.md\/wp-content\/uploads\/2025\/02\/1.webp","datePublished":"2025-02-02T15:55:27+00:00","dateModified":"2025-12-15T12:24:47+00:00","breadcrumb":{"@id":"https:\/\/realmen.md\/shop\/product\/beard-balm-jack\/#breadcrumb"},"inLanguage":"ru-RU","potentialAction":[{"@type":"ReadAction","target":["https:\/\/realmen.md\/shop\/product\/beard-balm-jack\/"]}]},{"@type":"ImageObject","inLanguage":"ru-RU","@id":"https:\/\/realmen.md\/shop\/product\/beard-balm-jack\/#primaryimage","url":"https:\/\/realmen.md\/wp-content\/uploads\/2025\/02\/1.webp","contentUrl":"https:\/\/realmen.md\/wp-content\/uploads\/2025\/02\/1.webp","width":924,"height":911},{"@type":"BreadcrumbList","@id":"https:\/\/realmen.md\/shop\/product\/beard-balm-jack\/#breadcrumb","itemListElement":[{"@type":"ListItem","position":1,"name":"Home","item":"https:\/\/realmen.md\/"},{"@type":"ListItem","position":2,"name":"Shop","item":"https:\/\/realmen.md\/shop\/"},{"@type":"ListItem","position":3,"name":"Beard balm JACK"}]},{"@type":"WebSite","@id":"https:\/\/realmen.md\/#website","url":"https:\/\/realmen.md\/","name":"REALMEN","description":"","publisher":{"@id":"https:\/\/realmen.md\/#organization"},"potentialAction":[{"@type":"SearchAction","target":{"@type":"EntryPoint","urlTemplate":"https:\/\/realmen.md\/?s={search_term_string}"},"query-input":{"@type":"PropertyValueSpecification","valueRequired":true,"valueName":"search_term_string"}}],"inLanguage":"ru-RU"},{"@type":"Organization","@id":"https:\/\/realmen.md\/#organization","name":"REALMEN","url":"https:\/\/realmen.md\/","logo":{"@type":"ImageObject","inLanguage":"ru-RU","@id":"https:\/\/realmen.md\/#\/schema\/logo\/image\/","url":"https:\/\/realmen.md\/wp-content\/uploads\/2025\/02\/Favicon.svg","contentUrl":"https:\/\/realmen.md\/wp-content\/uploads\/2025\/02\/Favicon.svg","width":100,"height":100,"caption":"REALMEN"},"image":{"@id":"https:\/\/realmen.md\/#\/schema\/logo\/image\/"},"sameAs":["https:\/\/www.facebook.com\/realmen.md\/","https:\/\/www.instagram.com\/realmen.md\/","https:\/\/www.tiktok.com\/@realmen.md"]}]}},"_links":{"self":[{"href":"https:\/\/realmen.md\/ru\/wp-json\/wp\/v2\/product\/2370","targetHints":{"allow":["GET"]}}],"collection":[{"href":"https:\/\/realmen.md\/ru\/wp-json\/wp\/v2\/product"}],"about":[{"href":"https:\/\/realmen.md\/ru\/wp-json\/wp\/v2\/types\/product"}],"replies":[{"embeddable":true,"href":"https:\/\/realmen.md\/ru\/wp-json\/wp\/v2\/comments?post=2370"}],"wp:featuredmedia":[{"embeddable":true,"href":"https:\/\/realmen.md\/ru\/wp-json\/wp\/v2\/media\/2337"}],"wp:attachment":[{"href":"https:\/\/realmen.md\/ru\/wp-json\/wp\/v2\/media?parent=2370"}],"wp:term":[{"taxonomy":"product_brand","embeddable":true,"href":"https:\/\/realmen.md\/ru\/wp-json\/wp\/v2\/product_brand?post=2370"},{"taxonomy":"product_cat","embeddable":true,"href":"https:\/\/realmen.md\/ru\/wp-json\/wp\/v2\/product_cat?post=2370"},{"taxonomy":"product_tag","embeddable":true,"href":"https:\/\/realmen.md\/ru\/wp-json\/wp\/v2\/product_tag?post=2370"}],"curies":[{"name":"wp","href":"https:\/\/api.w.org\/{rel}","templated":true}]}}