{"id":2367,"date":"2025-02-02T18:53:38","date_gmt":"2025-02-02T15:53:38","guid":{"rendered":"https:\/\/realmen.md\/?post_type=product&#038;p=2367"},"modified":"2025-12-15T15:26:41","modified_gmt":"2025-12-15T12:26:41","slug":"beard-balm-mexicano","status":"publish","type":"product","link":"https:\/\/realmen.md\/ru\/shop\/product\/beard-balm-mexicano\/","title":{"rendered":"Beard balm MEXICANO"},"content":{"rendered":"","protected":false},"excerpt":{"rendered":"<p class=\"western\"><span lang=\"en-US\"><b>Descriere:<\/b><\/span><span lang=\"en-US\"> Mexicul este solu\u021bia ideal\u0103 dac\u0103 dori\u021bi s\u0103 face\u021bi cuno\u0219tin\u021b\u0103 pentru prima dat\u0103 cu produsele de \u00eengrijire a b\u0103rbii. Este un balsam clasic pe baz\u0103 de ulei, cu o combina\u021bie de cear\u0103 premium, cre\u00e2nd un efect de &#8222;crem\u0103 granulat\u0103&#8221;. Datorit\u0103 untului de Shea \u0219i a cerurilor cu punct de topire ridicat, barba ob\u021bine fixare \u0219i un efect mat. Vara, balsamul men\u021bine hidratarea b\u0103rbii pe tot parcursul zilei, iar \u00een sezonul rece, se \u00eent\u0103re\u0219te pe barb\u0103 form\u00e2nd o pelicul\u0103 protectoare de cear\u0103 \u0219i ulei, men\u021bin\u00e2ndu-i astfel netezimea \u0219i elasticitatea. Balsamul este deosebit de eficient pentru b\u0103rbi uscate, obosite \u0219i care au nevoie de \u00eengrijire. Datorit\u0103 bazei uleioase, balsamul are un parfum intens, plin de mirodenii orientale. Acesta va fi un ajutor de \u00eencredere pentru barba dumneavoastr\u0103 pentru o perioad\u0103 lung\u0103 de timp.<\/span><\/p>\n<p class=\"western\"><span lang=\"en-US\"><b>Caracteristici:<\/b><\/span><span lang=\"en-US\"> Arom\u0103: Piersic\u0103 + Scor\u021bi\u0219oar\u0103 + Cedru.<br \/>\n<\/span>Propriet\u0103\u021bi:<\/p>\n<ul>\n<li>\n<p class=\"western\"><span lang=\"en-US\">Ceara de carnauba ofer\u0103 protec\u021bie, volum \u0219i fixare pentru barb\u0103.<\/span><\/p>\n<\/li>\n<li>\n<p class=\"western\"><span lang=\"en-US\">Untul de Shea protejeaz\u0103 barba \u00eempotriva radia\u021biilor ultraviolete \u0219i a temperaturilor sc\u0103zute.<\/span><\/p>\n<\/li>\n<li>\n<p class=\"western\"><span lang=\"en-US\">Uleiul de palmier ofer\u0103 hidratare intens\u0103 pentru barb\u0103.<\/span><\/p>\n<\/li>\n<\/ul>\n<p class=\"western\"><span lang=\"en-US\"><b>Ingrediente:<\/b><\/span><span lang=\"en-US\"> Cear\u0103 sintetic\u0103, PEG-7, petrolatum, cear\u0103 microcristalin\u0103, acid stearic, ciclomethicon\u0103, unt de shea, ulei de palmier, ester C12-20 ACID PEG-8, parfum, triglicerid capric, polistearat de sucroz\u0103, fenoxietanol.<\/span><\/p>\n<p class=\"western\"><span lang=\"en-US\"><b>Cum se utilizeaz\u0103:<\/b><\/span><span lang=\"en-US\"> Se recomand\u0103 aplicarea unei cantit\u0103\u021bi necesare de balsam pe m\u00e2ini, frec\u00e2ndu-le bine pentru a sim\u021bi aroma, apoi, cu mi\u0219c\u0103ri delicate, aplica\u021bi produsul pe barb\u0103 \u0219i, dac\u0103 este necesar, pe pielea fe\u021bei, distribuind produsul de-a lungul \u00eentregii lungimi \u0219i model\u00e2nd forma dorit\u0103. Balsamul poate fi aplicat pe barb\u0103 f\u0103r\u0103 restric\u021bii, \u00een orice perioad\u0103 a anului sau moment al zilei. Dup\u0103 terminarea utiliz\u0103rii, se recomand\u0103 \u00eenlocuirea produsului cu altul pentru \u00eengrijirea b\u0103rbii.<\/span><\/p>","protected":false},"featured_media":2341,"comment_status":"open","ping_status":"closed","template":"","meta":{"_acf_changed":false},"product_brand":[],"product_cat":[57],"product_tag":[],"class_list":{"0":"post-2367","1":"product","2":"type-product","3":"status-publish","4":"has-post-thumbnail","6":"product_cat-beard","8":"first","9":"instock","10":"shipping-taxable","11":"purchasable","12":"product-type-variable","13":"has-default-attributes"},"acf":[],"yoast_head":"<!-- This site is optimized with the Yoast SEO plugin v26.0 - https:\/\/yoast.com\/wordpress\/plugins\/seo\/ -->\n<title>Beard balm MEXICANO - REALMEN - Barbershop Chi\u0219in\u0103u<\/title>\n<meta name=\"robots\" content=\"index, follow, max-snippet:-1, max-image-preview:large, max-video-preview:-1\" \/>\n<link rel=\"canonical\" href=\"https:\/\/realmen.md\/ru\/shop\/product\/beard-balm-mexicano\/\" \/>\n<meta property=\"og:locale\" content=\"ru_RU\" \/>\n<meta property=\"og:type\" content=\"article\" \/>\n<meta property=\"og:title\" content=\"Beard balm MEXICANO - REALMEN - Barbershop Chi\u0219in\u0103u\" \/>\n<meta property=\"og:description\" content=\"Descriere: Mexicul este solu\u021bia ideal\u0103 dac\u0103 dori\u021bi s\u0103 face\u021bi cuno\u0219tin\u021b\u0103 pentru prima dat\u0103 cu produsele de \u00eengrijire a b\u0103rbii. Este un balsam clasic pe baz\u0103 de ulei, cu o combina\u021bie de cear\u0103 premium, cre\u00e2nd un efect de &quot;crem\u0103 granulat\u0103&quot;. Datorit\u0103 untului de Shea \u0219i a cerurilor cu punct de topire ridicat, barba ob\u021bine fixare \u0219i un efect mat. Vara, balsamul men\u021bine hidratarea b\u0103rbii pe tot parcursul zilei, iar \u00een sezonul rece, se \u00eent\u0103re\u0219te pe barb\u0103 form\u00e2nd o pelicul\u0103 protectoare de cear\u0103 \u0219i ulei, men\u021bin\u00e2ndu-i astfel netezimea \u0219i elasticitatea. Balsamul este deosebit de eficient pentru b\u0103rbi uscate, obosite \u0219i care au nevoie de \u00eengrijire. Datorit\u0103 bazei uleioase, balsamul are un parfum intens, plin de mirodenii orientale. Acesta va fi un ajutor de \u00eencredere pentru barba dumneavoastr\u0103 pentru o perioad\u0103 lung\u0103 de timp. Caracteristici: Arom\u0103: Piersic\u0103 + Scor\u021bi\u0219oar\u0103 + Cedru. Propriet\u0103\u021bi:     Ceara de carnauba ofer\u0103 protec\u021bie, volum \u0219i fixare pentru barb\u0103.    Untul de Shea protejeaz\u0103 barba \u00eempotriva radia\u021biilor ultraviolete \u0219i a temperaturilor sc\u0103zute.    Uleiul de palmier ofer\u0103 hidratare intens\u0103 pentru barb\u0103.   Ingrediente: Cear\u0103 sintetic\u0103, PEG-7, petrolatum, cear\u0103 microcristalin\u0103, acid stearic, ciclomethicon\u0103, unt de shea, ulei de palmier, ester C12-20 ACID PEG-8, parfum, triglicerid capric, polistearat de sucroz\u0103, fenoxietanol. Cum se utilizeaz\u0103: Se recomand\u0103 aplicarea unei cantit\u0103\u021bi necesare de balsam pe m\u00e2ini, frec\u00e2ndu-le bine pentru a sim\u021bi aroma, apoi, cu mi\u0219c\u0103ri delicate, aplica\u021bi produsul pe barb\u0103 \u0219i, dac\u0103 este necesar, pe pielea fe\u021bei, distribuind produsul de-a lungul \u00eentregii lungimi \u0219i model\u00e2nd forma dorit\u0103. Balsamul poate fi aplicat pe barb\u0103 f\u0103r\u0103 restric\u021bii, \u00een orice perioad\u0103 a anului sau moment al zilei. Dup\u0103 terminarea utiliz\u0103rii, se recomand\u0103 \u00eenlocuirea produsului cu altul pentru \u00eengrijirea b\u0103rbii.\" \/>\n<meta property=\"og:url\" content=\"https:\/\/realmen.md\/ru\/shop\/product\/beard-balm-mexicano\/\" \/>\n<meta property=\"og:site_name\" content=\"REALMEN - Barbershop Chi\u0219in\u0103u\" \/>\n<meta property=\"article:publisher\" content=\"https:\/\/www.facebook.com\/realmen.md\/\" \/>\n<meta property=\"article:modified_time\" content=\"2025-12-15T12:26:41+00:00\" \/>\n<meta property=\"og:image\" content=\"https:\/\/realmen.md\/wp-content\/uploads\/2025\/02\/1-1.webp\" \/>\n\t<meta property=\"og:image:width\" content=\"886\" \/>\n\t<meta property=\"og:image:height\" content=\"886\" \/>\n\t<meta property=\"og:image:type\" content=\"image\/webp\" \/>\n<meta name=\"twitter:card\" content=\"summary_large_image\" \/>\n<meta name=\"twitter:label1\" content=\"\u041f\u0440\u0438\u043c\u0435\u0440\u043d\u043e\u0435 \u0432\u0440\u0435\u043c\u044f \u0434\u043b\u044f \u0447\u0442\u0435\u043d\u0438\u044f\" \/>\n\t<meta name=\"twitter:data1\" content=\"1 \u043c\u0438\u043d\u0443\u0442\u0430\" \/>\n<script type=\"application\/ld+json\" class=\"yoast-schema-graph\">{\"@context\":\"https:\/\/schema.org\",\"@graph\":[{\"@type\":\"WebPage\",\"@id\":\"https:\/\/realmen.md\/shop\/product\/beard-balm-mexicano\/\",\"url\":\"https:\/\/realmen.md\/shop\/product\/beard-balm-mexicano\/\",\"name\":\"Beard balm MEXICANO - REALMEN - Barbershop Chi\u0219in\u0103u\",\"isPartOf\":{\"@id\":\"https:\/\/realmen.md\/#website\"},\"primaryImageOfPage\":{\"@id\":\"https:\/\/realmen.md\/shop\/product\/beard-balm-mexicano\/#primaryimage\"},\"image\":{\"@id\":\"https:\/\/realmen.md\/shop\/product\/beard-balm-mexicano\/#primaryimage\"},\"thumbnailUrl\":\"https:\/\/realmen.md\/wp-content\/uploads\/2025\/02\/1-1.webp\",\"datePublished\":\"2025-02-02T15:53:38+00:00\",\"dateModified\":\"2025-12-15T12:26:41+00:00\",\"breadcrumb\":{\"@id\":\"https:\/\/realmen.md\/shop\/product\/beard-balm-mexicano\/#breadcrumb\"},\"inLanguage\":\"ru-RU\",\"potentialAction\":[{\"@type\":\"ReadAction\",\"target\":[\"https:\/\/realmen.md\/shop\/product\/beard-balm-mexicano\/\"]}]},{\"@type\":\"ImageObject\",\"inLanguage\":\"ru-RU\",\"@id\":\"https:\/\/realmen.md\/shop\/product\/beard-balm-mexicano\/#primaryimage\",\"url\":\"https:\/\/realmen.md\/wp-content\/uploads\/2025\/02\/1-1.webp\",\"contentUrl\":\"https:\/\/realmen.md\/wp-content\/uploads\/2025\/02\/1-1.webp\",\"width\":886,\"height\":886},{\"@type\":\"BreadcrumbList\",\"@id\":\"https:\/\/realmen.md\/shop\/product\/beard-balm-mexicano\/#breadcrumb\",\"itemListElement\":[{\"@type\":\"ListItem\",\"position\":1,\"name\":\"Home\",\"item\":\"https:\/\/realmen.md\/\"},{\"@type\":\"ListItem\",\"position\":2,\"name\":\"Shop\",\"item\":\"https:\/\/realmen.md\/shop\/\"},{\"@type\":\"ListItem\",\"position\":3,\"name\":\"Beard balm MEXICANO\"}]},{\"@type\":\"WebSite\",\"@id\":\"https:\/\/realmen.md\/#website\",\"url\":\"https:\/\/realmen.md\/\",\"name\":\"REALMEN\",\"description\":\"\",\"publisher\":{\"@id\":\"https:\/\/realmen.md\/#organization\"},\"potentialAction\":[{\"@type\":\"SearchAction\",\"target\":{\"@type\":\"EntryPoint\",\"urlTemplate\":\"https:\/\/realmen.md\/?s={search_term_string}\"},\"query-input\":{\"@type\":\"PropertyValueSpecification\",\"valueRequired\":true,\"valueName\":\"search_term_string\"}}],\"inLanguage\":\"ru-RU\"},{\"@type\":\"Organization\",\"@id\":\"https:\/\/realmen.md\/#organization\",\"name\":\"REALMEN\",\"url\":\"https:\/\/realmen.md\/\",\"logo\":{\"@type\":\"ImageObject\",\"inLanguage\":\"ru-RU\",\"@id\":\"https:\/\/realmen.md\/#\/schema\/logo\/image\/\",\"url\":\"https:\/\/realmen.md\/wp-content\/uploads\/2025\/02\/Favicon.svg\",\"contentUrl\":\"https:\/\/realmen.md\/wp-content\/uploads\/2025\/02\/Favicon.svg\",\"width\":100,\"height\":100,\"caption\":\"REALMEN\"},\"image\":{\"@id\":\"https:\/\/realmen.md\/#\/schema\/logo\/image\/\"},\"sameAs\":[\"https:\/\/www.facebook.com\/realmen.md\/\",\"https:\/\/www.instagram.com\/realmen.md\/\",\"https:\/\/www.tiktok.com\/@realmen.md\"]}]}<\/script>\n<!-- \/ Yoast SEO plugin. -->","yoast_head_json":{"title":"Beard balm MEXICANO - REALMEN - Barbershop Chi\u0219in\u0103u","robots":{"index":"index","follow":"follow","max-snippet":"max-snippet:-1","max-image-preview":"max-image-preview:large","max-video-preview":"max-video-preview:-1"},"canonical":"https:\/\/realmen.md\/ru\/shop\/product\/beard-balm-mexicano\/","og_locale":"ru_RU","og_type":"article","og_title":"Beard balm MEXICANO - REALMEN - Barbershop Chi\u0219in\u0103u","og_description":"Descriere: Mexicul este solu\u021bia ideal\u0103 dac\u0103 dori\u021bi s\u0103 face\u021bi cuno\u0219tin\u021b\u0103 pentru prima dat\u0103 cu produsele de \u00eengrijire a b\u0103rbii. Este un balsam clasic pe baz\u0103 de ulei, cu o combina\u021bie de cear\u0103 premium, cre\u00e2nd un efect de \"crem\u0103 granulat\u0103\". Datorit\u0103 untului de Shea \u0219i a cerurilor cu punct de topire ridicat, barba ob\u021bine fixare \u0219i un efect mat. Vara, balsamul men\u021bine hidratarea b\u0103rbii pe tot parcursul zilei, iar \u00een sezonul rece, se \u00eent\u0103re\u0219te pe barb\u0103 form\u00e2nd o pelicul\u0103 protectoare de cear\u0103 \u0219i ulei, men\u021bin\u00e2ndu-i astfel netezimea \u0219i elasticitatea. Balsamul este deosebit de eficient pentru b\u0103rbi uscate, obosite \u0219i care au nevoie de \u00eengrijire. Datorit\u0103 bazei uleioase, balsamul are un parfum intens, plin de mirodenii orientale. Acesta va fi un ajutor de \u00eencredere pentru barba dumneavoastr\u0103 pentru o perioad\u0103 lung\u0103 de timp. Caracteristici: Arom\u0103: Piersic\u0103 + Scor\u021bi\u0219oar\u0103 + Cedru. Propriet\u0103\u021bi:     Ceara de carnauba ofer\u0103 protec\u021bie, volum \u0219i fixare pentru barb\u0103.    Untul de Shea protejeaz\u0103 barba \u00eempotriva radia\u021biilor ultraviolete \u0219i a temperaturilor sc\u0103zute.    Uleiul de palmier ofer\u0103 hidratare intens\u0103 pentru barb\u0103.   Ingrediente: Cear\u0103 sintetic\u0103, PEG-7, petrolatum, cear\u0103 microcristalin\u0103, acid stearic, ciclomethicon\u0103, unt de shea, ulei de palmier, ester C12-20 ACID PEG-8, parfum, triglicerid capric, polistearat de sucroz\u0103, fenoxietanol. Cum se utilizeaz\u0103: Se recomand\u0103 aplicarea unei cantit\u0103\u021bi necesare de balsam pe m\u00e2ini, frec\u00e2ndu-le bine pentru a sim\u021bi aroma, apoi, cu mi\u0219c\u0103ri delicate, aplica\u021bi produsul pe barb\u0103 \u0219i, dac\u0103 este necesar, pe pielea fe\u021bei, distribuind produsul de-a lungul \u00eentregii lungimi \u0219i model\u00e2nd forma dorit\u0103. Balsamul poate fi aplicat pe barb\u0103 f\u0103r\u0103 restric\u021bii, \u00een orice perioad\u0103 a anului sau moment al zilei. Dup\u0103 terminarea utiliz\u0103rii, se recomand\u0103 \u00eenlocuirea produsului cu altul pentru \u00eengrijirea b\u0103rbii.","og_url":"https:\/\/realmen.md\/ru\/shop\/product\/beard-balm-mexicano\/","og_site_name":"REALMEN - Barbershop Chi\u0219in\u0103u","article_publisher":"https:\/\/www.facebook.com\/realmen.md\/","article_modified_time":"2025-12-15T12:26:41+00:00","og_image":[{"width":886,"height":886,"url":"https:\/\/realmen.md\/wp-content\/uploads\/2025\/02\/1-1.webp","type":"image\/webp"}],"twitter_card":"summary_large_image","twitter_misc":{"\u041f\u0440\u0438\u043c\u0435\u0440\u043d\u043e\u0435 \u0432\u0440\u0435\u043c\u044f \u0434\u043b\u044f \u0447\u0442\u0435\u043d\u0438\u044f":"1 \u043c\u0438\u043d\u0443\u0442\u0430"},"schema":{"@context":"https:\/\/schema.org","@graph":[{"@type":"WebPage","@id":"https:\/\/realmen.md\/shop\/product\/beard-balm-mexicano\/","url":"https:\/\/realmen.md\/shop\/product\/beard-balm-mexicano\/","name":"Beard balm MEXICANO - REALMEN - Barbershop Chi\u0219in\u0103u","isPartOf":{"@id":"https:\/\/realmen.md\/#website"},"primaryImageOfPage":{"@id":"https:\/\/realmen.md\/shop\/product\/beard-balm-mexicano\/#primaryimage"},"image":{"@id":"https:\/\/realmen.md\/shop\/product\/beard-balm-mexicano\/#primaryimage"},"thumbnailUrl":"https:\/\/realmen.md\/wp-content\/uploads\/2025\/02\/1-1.webp","datePublished":"2025-02-02T15:53:38+00:00","dateModified":"2025-12-15T12:26:41+00:00","breadcrumb":{"@id":"https:\/\/realmen.md\/shop\/product\/beard-balm-mexicano\/#breadcrumb"},"inLanguage":"ru-RU","potentialAction":[{"@type":"ReadAction","target":["https:\/\/realmen.md\/shop\/product\/beard-balm-mexicano\/"]}]},{"@type":"ImageObject","inLanguage":"ru-RU","@id":"https:\/\/realmen.md\/shop\/product\/beard-balm-mexicano\/#primaryimage","url":"https:\/\/realmen.md\/wp-content\/uploads\/2025\/02\/1-1.webp","contentUrl":"https:\/\/realmen.md\/wp-content\/uploads\/2025\/02\/1-1.webp","width":886,"height":886},{"@type":"BreadcrumbList","@id":"https:\/\/realmen.md\/shop\/product\/beard-balm-mexicano\/#breadcrumb","itemListElement":[{"@type":"ListItem","position":1,"name":"Home","item":"https:\/\/realmen.md\/"},{"@type":"ListItem","position":2,"name":"Shop","item":"https:\/\/realmen.md\/shop\/"},{"@type":"ListItem","position":3,"name":"Beard balm MEXICANO"}]},{"@type":"WebSite","@id":"https:\/\/realmen.md\/#website","url":"https:\/\/realmen.md\/","name":"REALMEN","description":"","publisher":{"@id":"https:\/\/realmen.md\/#organization"},"potentialAction":[{"@type":"SearchAction","target":{"@type":"EntryPoint","urlTemplate":"https:\/\/realmen.md\/?s={search_term_string}"},"query-input":{"@type":"PropertyValueSpecification","valueRequired":true,"valueName":"search_term_string"}}],"inLanguage":"ru-RU"},{"@type":"Organization","@id":"https:\/\/realmen.md\/#organization","name":"REALMEN","url":"https:\/\/realmen.md\/","logo":{"@type":"ImageObject","inLanguage":"ru-RU","@id":"https:\/\/realmen.md\/#\/schema\/logo\/image\/","url":"https:\/\/realmen.md\/wp-content\/uploads\/2025\/02\/Favicon.svg","contentUrl":"https:\/\/realmen.md\/wp-content\/uploads\/2025\/02\/Favicon.svg","width":100,"height":100,"caption":"REALMEN"},"image":{"@id":"https:\/\/realmen.md\/#\/schema\/logo\/image\/"},"sameAs":["https:\/\/www.facebook.com\/realmen.md\/","https:\/\/www.instagram.com\/realmen.md\/","https:\/\/www.tiktok.com\/@realmen.md"]}]}},"_links":{"self":[{"href":"https:\/\/realmen.md\/ru\/wp-json\/wp\/v2\/product\/2367","targetHints":{"allow":["GET"]}}],"collection":[{"href":"https:\/\/realmen.md\/ru\/wp-json\/wp\/v2\/product"}],"about":[{"href":"https:\/\/realmen.md\/ru\/wp-json\/wp\/v2\/types\/product"}],"replies":[{"embeddable":true,"href":"https:\/\/realmen.md\/ru\/wp-json\/wp\/v2\/comments?post=2367"}],"wp:featuredmedia":[{"embeddable":true,"href":"https:\/\/realmen.md\/ru\/wp-json\/wp\/v2\/media\/2341"}],"wp:attachment":[{"href":"https:\/\/realmen.md\/ru\/wp-json\/wp\/v2\/media?parent=2367"}],"wp:term":[{"taxonomy":"product_brand","embeddable":true,"href":"https:\/\/realmen.md\/ru\/wp-json\/wp\/v2\/product_brand?post=2367"},{"taxonomy":"product_cat","embeddable":true,"href":"https:\/\/realmen.md\/ru\/wp-json\/wp\/v2\/product_cat?post=2367"},{"taxonomy":"product_tag","embeddable":true,"href":"https:\/\/realmen.md\/ru\/wp-json\/wp\/v2\/product_tag?post=2367"}],"curies":[{"name":"wp","href":"https:\/\/api.w.org\/{rel}","templated":true}]}}