{"id":2364,"date":"2025-02-02T18:49:37","date_gmt":"2025-02-02T15:49:37","guid":{"rendered":"https:\/\/realmen.md\/?post_type=product&#038;p=2364"},"modified":"2025-12-15T15:50:54","modified_gmt":"2025-12-15T12:50:54","slug":"hair-gel-raze","status":"publish","type":"product","link":"https:\/\/realmen.md\/ru\/shop\/product\/hair-gel-raze\/","title":{"rendered":"Hair gel RAZE"},"content":{"rendered":"","protected":false},"excerpt":{"rendered":"<p class=\"western\" align=\"justify\"><span lang=\"en-US\"><b>Descriere:<\/b><\/span><\/p>\n<p class=\"western\" align=\"justify\"><span lang=\"en-US\">RAZE este un gel ultra pentru coafarea p\u0103rului b\u0103rba\u021bilor. Acest gel de coafare cu fixare puternic\u0103 ofer\u0103 un luciu moderat. Produsul are o textur\u0103 dens\u0103 \u0219i poate fixa p\u0103rul \u00een orice loc, \u00een orice direc\u021bie, \u00een orice perioad\u0103 a anului \u0219i pentru orice lungime de p\u0103r. Are o baz\u0103 groas\u0103 care creeaz\u0103 un efect de lipire.<\/span><\/p>\n<p class=\"western\" align=\"justify\"><b>Caracteristici:<\/b><\/p>\n<p class=\"western\"><span lang=\"en-US\">Elemente de fixare:\u00a0ceteareth 25 + lanolin\u0103 + pvp.<\/span><\/p>\n<p class=\"western\"><span lang=\"en-US\">Cum func\u021bioneaz\u0103:\u00a0Emulgatorul, combinat cu lanolina vegetal\u0103, creeaz\u0103 o baz\u0103 dens\u0103 de gel, \u00een timp ce pvp ac\u021bioneaz\u0103 ca element de lipire.<\/span><\/p>\n<p class=\"western\">Arom\u0103:\u00a0Piper + L\u0103m\u00e2ie.<\/p>\n<p class=\"western\">Durata coafurii:\u00a024 de ore.<\/p>\n<p class=\"western\"><span lang=\"en-US\">Consumul:\u00a0Utilizarea optim\u0103 este de 1 g per aplicare. <\/span><\/p>\n<p class=\"western\"><span lang=\"en-US\">Temperatura de topire:\u00a0de la 33\u00b0C.<\/span><\/p>\n<p class=\"western\" align=\"justify\"><span lang=\"en-US\"><b>Ingrediente:<\/b><\/span><\/p>\n<p class=\"western\" align=\"justify\"><span lang=\"en-US\">Aqua, polysorbate-20, glicerin\u0103, peg-40 ulei de ricin hidrogenat, peg-7, cocoat de glicerin\u0103, pvp, olea europaea, parfum, fenoxietanol, colorant.<\/span><\/p>\n<p class=\"western\" align=\"justify\"><span lang=\"en-US\"><b>Cum se folose\u0219te:<\/b><\/span><\/p>\n<p class=\"western\" align=\"justify\"><span lang=\"en-US\">Pentru a ob\u021bine o fixare perfect\u0103, aplica\u021bi gelul pe p\u0103rul umed, usca\u021bi-l cu un usc\u0103tor de p\u0103r \u00een timp ce \u00eei da\u021bi forma dorit\u0103 \u0219i apoi aplica\u021bi mai mult gel pentru fixarea final\u0103. <\/span>Pentru coafurile scurte, poate fi aplicat pe p\u0103rul uscat.<\/p>","protected":false},"featured_media":2347,"comment_status":"open","ping_status":"closed","template":"","meta":{"_acf_changed":false},"product_brand":[],"product_cat":[58],"product_tag":[],"class_list":{"0":"post-2364","1":"product","2":"type-product","3":"status-publish","4":"has-post-thumbnail","6":"product_cat-hair","8":"first","9":"instock","10":"shipping-taxable","11":"purchasable","12":"product-type-variable","13":"has-default-attributes"},"acf":[],"yoast_head":"<!-- This site is optimized with the Yoast SEO plugin v26.0 - https:\/\/yoast.com\/wordpress\/plugins\/seo\/ -->\n<title>Hair gel RAZE - REALMEN - Barbershop Chi\u0219in\u0103u<\/title>\n<meta name=\"robots\" content=\"index, follow, max-snippet:-1, max-image-preview:large, max-video-preview:-1\" \/>\n<link rel=\"canonical\" href=\"https:\/\/realmen.md\/ru\/shop\/product\/hair-gel-raze\/\" \/>\n<meta property=\"og:locale\" content=\"ru_RU\" \/>\n<meta property=\"og:type\" content=\"article\" \/>\n<meta property=\"og:title\" content=\"Hair gel RAZE - REALMEN - Barbershop Chi\u0219in\u0103u\" \/>\n<meta property=\"og:description\" content=\"Descriere: RAZE este un gel ultra pentru coafarea p\u0103rului b\u0103rba\u021bilor. Acest gel de coafare cu fixare puternic\u0103 ofer\u0103 un luciu moderat. Produsul are o textur\u0103 dens\u0103 \u0219i poate fixa p\u0103rul \u00een orice loc, \u00een orice direc\u021bie, \u00een orice perioad\u0103 a anului \u0219i pentru orice lungime de p\u0103r. Are o baz\u0103 groas\u0103 care creeaz\u0103 un efect de lipire. Caracteristici: Elemente de fixare:\u00a0ceteareth 25 + lanolin\u0103 + pvp. Cum func\u021bioneaz\u0103:\u00a0Emulgatorul, combinat cu lanolina vegetal\u0103, creeaz\u0103 o baz\u0103 dens\u0103 de gel, \u00een timp ce pvp ac\u021bioneaz\u0103 ca element de lipire. Arom\u0103:\u00a0Piper + L\u0103m\u00e2ie. Durata coafurii:\u00a024 de ore. Consumul:\u00a0Utilizarea optim\u0103 este de 1 g per aplicare.  Temperatura de topire:\u00a0de la 33\u00b0C. Ingrediente: Aqua, polysorbate-20, glicerin\u0103, peg-40 ulei de ricin hidrogenat, peg-7, cocoat de glicerin\u0103, pvp, olea europaea, parfum, fenoxietanol, colorant. Cum se folose\u0219te: Pentru a ob\u021bine o fixare perfect\u0103, aplica\u021bi gelul pe p\u0103rul umed, usca\u021bi-l cu un usc\u0103tor de p\u0103r \u00een timp ce \u00eei da\u021bi forma dorit\u0103 \u0219i apoi aplica\u021bi mai mult gel pentru fixarea final\u0103. Pentru coafurile scurte, poate fi aplicat pe p\u0103rul uscat.\" \/>\n<meta property=\"og:url\" content=\"https:\/\/realmen.md\/ru\/shop\/product\/hair-gel-raze\/\" \/>\n<meta property=\"og:site_name\" content=\"REALMEN - Barbershop Chi\u0219in\u0103u\" \/>\n<meta property=\"article:publisher\" content=\"https:\/\/www.facebook.com\/realmen.md\/\" \/>\n<meta property=\"article:modified_time\" content=\"2025-12-15T12:50:54+00:00\" \/>\n<meta property=\"og:image\" content=\"https:\/\/realmen.md\/wp-content\/uploads\/2025\/02\/1-3.webp\" \/>\n\t<meta property=\"og:image:width\" content=\"924\" \/>\n\t<meta property=\"og:image:height\" content=\"911\" \/>\n\t<meta property=\"og:image:type\" content=\"image\/webp\" \/>\n<meta name=\"twitter:card\" content=\"summary_large_image\" \/>\n<meta name=\"twitter:label1\" content=\"\u041f\u0440\u0438\u043c\u0435\u0440\u043d\u043e\u0435 \u0432\u0440\u0435\u043c\u044f \u0434\u043b\u044f \u0447\u0442\u0435\u043d\u0438\u044f\" \/>\n\t<meta name=\"twitter:data1\" content=\"1 \u043c\u0438\u043d\u0443\u0442\u0430\" \/>\n<script type=\"application\/ld+json\" class=\"yoast-schema-graph\">{\"@context\":\"https:\/\/schema.org\",\"@graph\":[{\"@type\":\"WebPage\",\"@id\":\"https:\/\/realmen.md\/shop\/product\/hair-gel-raze\/\",\"url\":\"https:\/\/realmen.md\/shop\/product\/hair-gel-raze\/\",\"name\":\"Hair gel RAZE - REALMEN - Barbershop Chi\u0219in\u0103u\",\"isPartOf\":{\"@id\":\"https:\/\/realmen.md\/#website\"},\"primaryImageOfPage\":{\"@id\":\"https:\/\/realmen.md\/shop\/product\/hair-gel-raze\/#primaryimage\"},\"image\":{\"@id\":\"https:\/\/realmen.md\/shop\/product\/hair-gel-raze\/#primaryimage\"},\"thumbnailUrl\":\"https:\/\/realmen.md\/wp-content\/uploads\/2025\/02\/1-3.webp\",\"datePublished\":\"2025-02-02T15:49:37+00:00\",\"dateModified\":\"2025-12-15T12:50:54+00:00\",\"breadcrumb\":{\"@id\":\"https:\/\/realmen.md\/shop\/product\/hair-gel-raze\/#breadcrumb\"},\"inLanguage\":\"ru-RU\",\"potentialAction\":[{\"@type\":\"ReadAction\",\"target\":[\"https:\/\/realmen.md\/shop\/product\/hair-gel-raze\/\"]}]},{\"@type\":\"ImageObject\",\"inLanguage\":\"ru-RU\",\"@id\":\"https:\/\/realmen.md\/shop\/product\/hair-gel-raze\/#primaryimage\",\"url\":\"https:\/\/realmen.md\/wp-content\/uploads\/2025\/02\/1-3.webp\",\"contentUrl\":\"https:\/\/realmen.md\/wp-content\/uploads\/2025\/02\/1-3.webp\",\"width\":924,\"height\":911},{\"@type\":\"BreadcrumbList\",\"@id\":\"https:\/\/realmen.md\/shop\/product\/hair-gel-raze\/#breadcrumb\",\"itemListElement\":[{\"@type\":\"ListItem\",\"position\":1,\"name\":\"Home\",\"item\":\"https:\/\/realmen.md\/\"},{\"@type\":\"ListItem\",\"position\":2,\"name\":\"Shop\",\"item\":\"https:\/\/realmen.md\/shop\/\"},{\"@type\":\"ListItem\",\"position\":3,\"name\":\"Hair gel RAZE\"}]},{\"@type\":\"WebSite\",\"@id\":\"https:\/\/realmen.md\/#website\",\"url\":\"https:\/\/realmen.md\/\",\"name\":\"REALMEN\",\"description\":\"\",\"publisher\":{\"@id\":\"https:\/\/realmen.md\/#organization\"},\"potentialAction\":[{\"@type\":\"SearchAction\",\"target\":{\"@type\":\"EntryPoint\",\"urlTemplate\":\"https:\/\/realmen.md\/?s={search_term_string}\"},\"query-input\":{\"@type\":\"PropertyValueSpecification\",\"valueRequired\":true,\"valueName\":\"search_term_string\"}}],\"inLanguage\":\"ru-RU\"},{\"@type\":\"Organization\",\"@id\":\"https:\/\/realmen.md\/#organization\",\"name\":\"REALMEN\",\"url\":\"https:\/\/realmen.md\/\",\"logo\":{\"@type\":\"ImageObject\",\"inLanguage\":\"ru-RU\",\"@id\":\"https:\/\/realmen.md\/#\/schema\/logo\/image\/\",\"url\":\"https:\/\/realmen.md\/wp-content\/uploads\/2025\/02\/Favicon.svg\",\"contentUrl\":\"https:\/\/realmen.md\/wp-content\/uploads\/2025\/02\/Favicon.svg\",\"width\":100,\"height\":100,\"caption\":\"REALMEN\"},\"image\":{\"@id\":\"https:\/\/realmen.md\/#\/schema\/logo\/image\/\"},\"sameAs\":[\"https:\/\/www.facebook.com\/realmen.md\/\",\"https:\/\/www.instagram.com\/realmen.md\/\",\"https:\/\/www.tiktok.com\/@realmen.md\"]}]}<\/script>\n<!-- \/ Yoast SEO plugin. -->","yoast_head_json":{"title":"Hair gel RAZE - REALMEN - Barbershop Chi\u0219in\u0103u","robots":{"index":"index","follow":"follow","max-snippet":"max-snippet:-1","max-image-preview":"max-image-preview:large","max-video-preview":"max-video-preview:-1"},"canonical":"https:\/\/realmen.md\/ru\/shop\/product\/hair-gel-raze\/","og_locale":"ru_RU","og_type":"article","og_title":"Hair gel RAZE - REALMEN - Barbershop Chi\u0219in\u0103u","og_description":"Descriere: RAZE este un gel ultra pentru coafarea p\u0103rului b\u0103rba\u021bilor. Acest gel de coafare cu fixare puternic\u0103 ofer\u0103 un luciu moderat. Produsul are o textur\u0103 dens\u0103 \u0219i poate fixa p\u0103rul \u00een orice loc, \u00een orice direc\u021bie, \u00een orice perioad\u0103 a anului \u0219i pentru orice lungime de p\u0103r. Are o baz\u0103 groas\u0103 care creeaz\u0103 un efect de lipire. Caracteristici: Elemente de fixare:\u00a0ceteareth 25 + lanolin\u0103 + pvp. Cum func\u021bioneaz\u0103:\u00a0Emulgatorul, combinat cu lanolina vegetal\u0103, creeaz\u0103 o baz\u0103 dens\u0103 de gel, \u00een timp ce pvp ac\u021bioneaz\u0103 ca element de lipire. Arom\u0103:\u00a0Piper + L\u0103m\u00e2ie. Durata coafurii:\u00a024 de ore. Consumul:\u00a0Utilizarea optim\u0103 este de 1 g per aplicare.  Temperatura de topire:\u00a0de la 33\u00b0C. Ingrediente: Aqua, polysorbate-20, glicerin\u0103, peg-40 ulei de ricin hidrogenat, peg-7, cocoat de glicerin\u0103, pvp, olea europaea, parfum, fenoxietanol, colorant. Cum se folose\u0219te: Pentru a ob\u021bine o fixare perfect\u0103, aplica\u021bi gelul pe p\u0103rul umed, usca\u021bi-l cu un usc\u0103tor de p\u0103r \u00een timp ce \u00eei da\u021bi forma dorit\u0103 \u0219i apoi aplica\u021bi mai mult gel pentru fixarea final\u0103. Pentru coafurile scurte, poate fi aplicat pe p\u0103rul uscat.","og_url":"https:\/\/realmen.md\/ru\/shop\/product\/hair-gel-raze\/","og_site_name":"REALMEN - Barbershop Chi\u0219in\u0103u","article_publisher":"https:\/\/www.facebook.com\/realmen.md\/","article_modified_time":"2025-12-15T12:50:54+00:00","og_image":[{"width":924,"height":911,"url":"https:\/\/realmen.md\/wp-content\/uploads\/2025\/02\/1-3.webp","type":"image\/webp"}],"twitter_card":"summary_large_image","twitter_misc":{"\u041f\u0440\u0438\u043c\u0435\u0440\u043d\u043e\u0435 \u0432\u0440\u0435\u043c\u044f \u0434\u043b\u044f \u0447\u0442\u0435\u043d\u0438\u044f":"1 \u043c\u0438\u043d\u0443\u0442\u0430"},"schema":{"@context":"https:\/\/schema.org","@graph":[{"@type":"WebPage","@id":"https:\/\/realmen.md\/shop\/product\/hair-gel-raze\/","url":"https:\/\/realmen.md\/shop\/product\/hair-gel-raze\/","name":"Hair gel RAZE - REALMEN - Barbershop Chi\u0219in\u0103u","isPartOf":{"@id":"https:\/\/realmen.md\/#website"},"primaryImageOfPage":{"@id":"https:\/\/realmen.md\/shop\/product\/hair-gel-raze\/#primaryimage"},"image":{"@id":"https:\/\/realmen.md\/shop\/product\/hair-gel-raze\/#primaryimage"},"thumbnailUrl":"https:\/\/realmen.md\/wp-content\/uploads\/2025\/02\/1-3.webp","datePublished":"2025-02-02T15:49:37+00:00","dateModified":"2025-12-15T12:50:54+00:00","breadcrumb":{"@id":"https:\/\/realmen.md\/shop\/product\/hair-gel-raze\/#breadcrumb"},"inLanguage":"ru-RU","potentialAction":[{"@type":"ReadAction","target":["https:\/\/realmen.md\/shop\/product\/hair-gel-raze\/"]}]},{"@type":"ImageObject","inLanguage":"ru-RU","@id":"https:\/\/realmen.md\/shop\/product\/hair-gel-raze\/#primaryimage","url":"https:\/\/realmen.md\/wp-content\/uploads\/2025\/02\/1-3.webp","contentUrl":"https:\/\/realmen.md\/wp-content\/uploads\/2025\/02\/1-3.webp","width":924,"height":911},{"@type":"BreadcrumbList","@id":"https:\/\/realmen.md\/shop\/product\/hair-gel-raze\/#breadcrumb","itemListElement":[{"@type":"ListItem","position":1,"name":"Home","item":"https:\/\/realmen.md\/"},{"@type":"ListItem","position":2,"name":"Shop","item":"https:\/\/realmen.md\/shop\/"},{"@type":"ListItem","position":3,"name":"Hair gel RAZE"}]},{"@type":"WebSite","@id":"https:\/\/realmen.md\/#website","url":"https:\/\/realmen.md\/","name":"REALMEN","description":"","publisher":{"@id":"https:\/\/realmen.md\/#organization"},"potentialAction":[{"@type":"SearchAction","target":{"@type":"EntryPoint","urlTemplate":"https:\/\/realmen.md\/?s={search_term_string}"},"query-input":{"@type":"PropertyValueSpecification","valueRequired":true,"valueName":"search_term_string"}}],"inLanguage":"ru-RU"},{"@type":"Organization","@id":"https:\/\/realmen.md\/#organization","name":"REALMEN","url":"https:\/\/realmen.md\/","logo":{"@type":"ImageObject","inLanguage":"ru-RU","@id":"https:\/\/realmen.md\/#\/schema\/logo\/image\/","url":"https:\/\/realmen.md\/wp-content\/uploads\/2025\/02\/Favicon.svg","contentUrl":"https:\/\/realmen.md\/wp-content\/uploads\/2025\/02\/Favicon.svg","width":100,"height":100,"caption":"REALMEN"},"image":{"@id":"https:\/\/realmen.md\/#\/schema\/logo\/image\/"},"sameAs":["https:\/\/www.facebook.com\/realmen.md\/","https:\/\/www.instagram.com\/realmen.md\/","https:\/\/www.tiktok.com\/@realmen.md"]}]}},"_links":{"self":[{"href":"https:\/\/realmen.md\/ru\/wp-json\/wp\/v2\/product\/2364","targetHints":{"allow":["GET"]}}],"collection":[{"href":"https:\/\/realmen.md\/ru\/wp-json\/wp\/v2\/product"}],"about":[{"href":"https:\/\/realmen.md\/ru\/wp-json\/wp\/v2\/types\/product"}],"replies":[{"embeddable":true,"href":"https:\/\/realmen.md\/ru\/wp-json\/wp\/v2\/comments?post=2364"}],"wp:featuredmedia":[{"embeddable":true,"href":"https:\/\/realmen.md\/ru\/wp-json\/wp\/v2\/media\/2347"}],"wp:attachment":[{"href":"https:\/\/realmen.md\/ru\/wp-json\/wp\/v2\/media?parent=2364"}],"wp:term":[{"taxonomy":"product_brand","embeddable":true,"href":"https:\/\/realmen.md\/ru\/wp-json\/wp\/v2\/product_brand?post=2364"},{"taxonomy":"product_cat","embeddable":true,"href":"https:\/\/realmen.md\/ru\/wp-json\/wp\/v2\/product_cat?post=2364"},{"taxonomy":"product_tag","embeddable":true,"href":"https:\/\/realmen.md\/ru\/wp-json\/wp\/v2\/product_tag?post=2364"}],"curies":[{"name":"wp","href":"https:\/\/api.w.org\/{rel}","templated":true}]}}